{"id":424,"date":"2025-10-25T17:18:25","date_gmt":"2025-10-25T17:18:25","guid":{"rendered":"https:\/\/martyrsdelarevolution.com\/?page_id=424"},"modified":"2025-10-26T10:43:02","modified_gmt":"2025-10-26T10:43:02","slug":"documents","status":"publish","type":"page","link":"https:\/\/martyrsdelarevolution.com\/index.php\/documents\/","title":{"rendered":"Documents"},"content":{"rendered":"\t\t<div data-elementor-type=\"wp-page\" data-elementor-id=\"424\" class=\"elementor elementor-424\">\n\t\t\t\t<div class=\"elementor-element elementor-element-55c224b e-flex e-con-boxed e-con e-parent\" data-id=\"55c224b\" data-element_type=\"container\" data-e-type=\"container\">\n\t\t\t\t\t<div class=\"e-con-inner\">\n\t\t\t\t<div class=\"elementor-element elementor-element-dbe170f elementor-widget elementor-widget-text-editor\" data-id=\"dbe170f\" data-element_type=\"widget\" data-e-type=\"widget\" data-widget_type=\"text-editor.default\">\n\t\t\t\t\t\t\t\t\t<p><strong>Nous sommes toujours \u00e0 la recherche de tous documents qui pourraient \u00eatre li\u00e9s aux martyrs de la r\u00e9volution.\u00a0<\/strong><\/p><p><strong>Vous pouvez nous \u00e9crire \u00e0 <a href=\"mailto:martyrsdelarevolution@protonmail.com\">martyrsdelarevolution@protonmail.com<\/a><\/strong><\/p><p><strong>N&rsquo;h\u00e9sitez pas \u00e0 partager cette publication afin qu&rsquo;elle touche le plus de monde possible. Merci pour votre aide !<\/strong><\/p>\t\t\t\t\t\t\t\t<\/div>\n\t\t\t\t<div class=\"elementor-element elementor-element-af53781 elementor-widget elementor-widget-text-editor\" data-id=\"af53781\" data-element_type=\"widget\" data-e-type=\"widget\" data-widget_type=\"text-editor.default\">\n\t\t\t\t\t\t\t\t\t<p>\u00a0<\/p><p><a href=\"https:\/\/gallica.bnf.fr\/ark:\/12148\/bpt6k4801124s\">Les Martyrs de la R\u00e9volution fran\u00e7aise<\/a><\/p><p><a href=\"https:\/\/gallica.bnf.fr\/ark:\/12148\/bpt6k41509h\">Tableau g\u00e9n\u00e9ral des victimes &amp; martyrs de la R\u00e9volution, en Lyonnais, Forez et Beaujolais : sp\u00e9cialement sous le r\u00e9gime de la Terreur, 1793-1794<\/a>\u00a0<\/p><p><a href=\"https:\/\/gallica.bnf.fr\/services\/engine\/search\/sru?operation=searchRetrieve&amp;version=1.2&amp;collapsing=disabled&amp;query=%28%28dc.creator%20all%20%22Oeuvre%20des%20martyrs%20de%20la%20R%C3%A9volution%22%20or%20dc.contributor%20all%20%22Oeuvre%20des%20martyrs%20de%20la%20R%C3%A9volution%22%29%29%20and%20arkPress%20all%20%22cb32828217n_date%22&amp;rk=42918;4\">Feuille hebdomadaire de l&rsquo;\u0152uvre des martyrs de la R\u00e9volution<\/a><\/p><p><a href=\"https:\/\/gallica.bnf.fr\/services\/engine\/search\/sru?operation=searchRetrieve&amp;version=1.2&amp;collapsing=disabled&amp;rk=21459;2&amp;query=%28dc.title%20all%20%22Les%20martyrs%20de%20la%20foi%20pendant%20la%20R%C3%A9volution%20fran%C3%A7aise%22%29%20and%20dc.relation%20all%20%22cb30559298j%22%20sortby%20dc.title%2Fsort.ascending\">Les martyrs de la foi pendant la R\u00e9volution fran\u00e7aise, ou Martyrologe des pontifes, pr\u00eatres, religieux, religieuses, la\u00efcs de l&rsquo;un et l&rsquo;autre sexe qui p\u00e9rirent alors pour la foi.<\/a><\/p><p><a href=\"https:\/\/gallica.bnf.fr\/ark:\/12148\/bpt6k6223123h?rk=21459;2\">Le champ des martyrs , par M. le Cte H. de Sesmaisons.<\/a><\/p><p><a href=\"http:\/\/leblogdumesnil.e.l.f.unblog.fr\/files\/2024\/07\/les-recollets-de-cassel-martyrs-de-la-revolution.pdf\">http:\/\/leblogdumesnil.e.l.f.unblog.fr\/files\/2024\/07\/les-recollets-de-cassel-martyrs-de-la-revolution.pdf<\/a><\/p>\t\t\t\t\t\t\t\t<\/div>\n\t\t\t\t\t<\/div>\n\t\t\t\t<\/div>\n\t\t<div class=\"elementor-element elementor-element-39a99e3 e-flex e-con-boxed e-con e-parent\" data-id=\"39a99e3\" data-element_type=\"container\" data-e-type=\"container\">\n\t\t\t\t\t<div class=\"e-con-inner\">\n\t\t\t\t\t<\/div>\n\t\t\t\t<\/div>\n\t\t\t\t<\/div>\n\t\t","protected":false},"excerpt":{"rendered":"<p>Nous sommes toujours \u00e0 la recherche de tous documents qui pourraient \u00eatre li\u00e9s aux martyrs de la r\u00e9volution.\u00a0 Vous pouvez nous \u00e9crire \u00e0 martyrsdelarevolution@protonmail.com N&rsquo;h\u00e9sitez pas \u00e0 partager cette publication afin qu&rsquo;elle touche le plus de monde possible. Merci pour votre aide ! \u00a0 Les Martyrs de la R\u00e9volution fran\u00e7aise Tableau g\u00e9n\u00e9ral des victimes &amp; &hellip; <\/p>\n<p class=\"link-more\"><a href=\"https:\/\/martyrsdelarevolution.com\/index.php\/documents\/\" class=\"more-link\">Lire la suite de<span class=\"screen-reader-text\">\u00ab\u00a0Documents\u00a0\u00bb<\/span><\/a><\/p>\n","protected":false},"author":1,"featured_media":0,"parent":0,"menu_order":0,"comment_status":"closed","ping_status":"closed","template":"","meta":{"iawp_total_views":77,"inspiro_hide_title":false,"footnotes":""},"class_list":["post-424","page","type-page","status-publish","hentry"],"yoast_head":"<!-- This site is optimized with the Yoast SEO plugin v27.3 - https:\/\/yoast.com\/product\/yoast-seo-wordpress\/ -->\n<title>Documents - Martyrs de la R\u00e9volution<\/title>\n<meta name=\"description\" content=\"Documents en lien avec les Martyrs de la R\u00e9volution.\" \/>\n<meta name=\"robots\" content=\"index, follow, max-snippet:-1, max-image-preview:large, max-video-preview:-1\" \/>\n<link rel=\"canonical\" href=\"https:\/\/martyrsdelarevolution.com\/index.php\/documents\/\" \/>\n<meta property=\"og:locale\" content=\"fr_FR\" \/>\n<meta property=\"og:type\" content=\"article\" \/>\n<meta property=\"og:title\" content=\"Documents - Martyrs de la R\u00e9volution\" \/>\n<meta property=\"og:description\" content=\"Documents en lien avec les Martyrs de la R\u00e9volution.\" \/>\n<meta property=\"og:url\" content=\"https:\/\/martyrsdelarevolution.com\/index.php\/documents\/\" \/>\n<meta property=\"og:site_name\" content=\"Martyrs de la R\u00e9volution\" \/>\n<meta property=\"article:modified_time\" content=\"2025-10-26T10:43:02+00:00\" \/>\n<meta name=\"twitter:card\" content=\"summary_large_image\" \/>\n<meta name=\"twitter:label1\" content=\"Dur\u00e9e de lecture estim\u00e9e\" \/>\n\t<meta name=\"twitter:data1\" content=\"1 minute\" \/>\n<script type=\"application\/ld+json\" class=\"yoast-schema-graph\">{\"@context\":\"https:\\\/\\\/schema.org\",\"@graph\":[{\"@type\":\"WebPage\",\"@id\":\"https:\\\/\\\/martyrsdelarevolution.com\\\/index.php\\\/documents\\\/\",\"url\":\"https:\\\/\\\/martyrsdelarevolution.com\\\/index.php\\\/documents\\\/\",\"name\":\"Documents - Martyrs de la R\u00e9volution\",\"isPartOf\":{\"@id\":\"https:\\\/\\\/martyrsdelarevolution.com\\\/#website\"},\"datePublished\":\"2025-10-25T17:18:25+00:00\",\"dateModified\":\"2025-10-26T10:43:02+00:00\",\"description\":\"Documents en lien avec les Martyrs de la R\u00e9volution.\",\"breadcrumb\":{\"@id\":\"https:\\\/\\\/martyrsdelarevolution.com\\\/index.php\\\/documents\\\/#breadcrumb\"},\"inLanguage\":\"fr-FR\",\"potentialAction\":[{\"@type\":\"ReadAction\",\"target\":[\"https:\\\/\\\/martyrsdelarevolution.com\\\/index.php\\\/documents\\\/\"]}]},{\"@type\":\"BreadcrumbList\",\"@id\":\"https:\\\/\\\/martyrsdelarevolution.com\\\/index.php\\\/documents\\\/#breadcrumb\",\"itemListElement\":[{\"@type\":\"ListItem\",\"position\":1,\"name\":\"Accueil\",\"item\":\"https:\\\/\\\/martyrsdelarevolution.com\\\/\"},{\"@type\":\"ListItem\",\"position\":2,\"name\":\"Documents\"}]},{\"@type\":\"WebSite\",\"@id\":\"https:\\\/\\\/martyrsdelarevolution.com\\\/#website\",\"url\":\"https:\\\/\\\/martyrsdelarevolution.com\\\/\",\"name\":\"Martyrs de la R\u00e9volution\",\"description\":\"\",\"potentialAction\":[{\"@type\":\"SearchAction\",\"target\":{\"@type\":\"EntryPoint\",\"urlTemplate\":\"https:\\\/\\\/martyrsdelarevolution.com\\\/?s={search_term_string}\"},\"query-input\":{\"@type\":\"PropertyValueSpecification\",\"valueRequired\":true,\"valueName\":\"search_term_string\"}}],\"inLanguage\":\"fr-FR\"}]}<\/script>\n<!-- \/ Yoast SEO plugin. -->","yoast_head_json":{"title":"Documents - Martyrs de la R\u00e9volution","description":"Documents en lien avec les Martyrs de la R\u00e9volution.","robots":{"index":"index","follow":"follow","max-snippet":"max-snippet:-1","max-image-preview":"max-image-preview:large","max-video-preview":"max-video-preview:-1"},"canonical":"https:\/\/martyrsdelarevolution.com\/index.php\/documents\/","og_locale":"fr_FR","og_type":"article","og_title":"Documents - Martyrs de la R\u00e9volution","og_description":"Documents en lien avec les Martyrs de la R\u00e9volution.","og_url":"https:\/\/martyrsdelarevolution.com\/index.php\/documents\/","og_site_name":"Martyrs de la R\u00e9volution","article_modified_time":"2025-10-26T10:43:02+00:00","twitter_card":"summary_large_image","twitter_misc":{"Dur\u00e9e de lecture estim\u00e9e":"1 minute"},"schema":{"@context":"https:\/\/schema.org","@graph":[{"@type":"WebPage","@id":"https:\/\/martyrsdelarevolution.com\/index.php\/documents\/","url":"https:\/\/martyrsdelarevolution.com\/index.php\/documents\/","name":"Documents - Martyrs de la R\u00e9volution","isPartOf":{"@id":"https:\/\/martyrsdelarevolution.com\/#website"},"datePublished":"2025-10-25T17:18:25+00:00","dateModified":"2025-10-26T10:43:02+00:00","description":"Documents en lien avec les Martyrs de la R\u00e9volution.","breadcrumb":{"@id":"https:\/\/martyrsdelarevolution.com\/index.php\/documents\/#breadcrumb"},"inLanguage":"fr-FR","potentialAction":[{"@type":"ReadAction","target":["https:\/\/martyrsdelarevolution.com\/index.php\/documents\/"]}]},{"@type":"BreadcrumbList","@id":"https:\/\/martyrsdelarevolution.com\/index.php\/documents\/#breadcrumb","itemListElement":[{"@type":"ListItem","position":1,"name":"Accueil","item":"https:\/\/martyrsdelarevolution.com\/"},{"@type":"ListItem","position":2,"name":"Documents"}]},{"@type":"WebSite","@id":"https:\/\/martyrsdelarevolution.com\/#website","url":"https:\/\/martyrsdelarevolution.com\/","name":"Martyrs de la R\u00e9volution","description":"","potentialAction":[{"@type":"SearchAction","target":{"@type":"EntryPoint","urlTemplate":"https:\/\/martyrsdelarevolution.com\/?s={search_term_string}"},"query-input":{"@type":"PropertyValueSpecification","valueRequired":true,"valueName":"search_term_string"}}],"inLanguage":"fr-FR"}]}},"_links":{"self":[{"href":"https:\/\/martyrsdelarevolution.com\/index.php\/wp-json\/wp\/v2\/pages\/424","targetHints":{"allow":["GET"]}}],"collection":[{"href":"https:\/\/martyrsdelarevolution.com\/index.php\/wp-json\/wp\/v2\/pages"}],"about":[{"href":"https:\/\/martyrsdelarevolution.com\/index.php\/wp-json\/wp\/v2\/types\/page"}],"author":[{"embeddable":true,"href":"https:\/\/martyrsdelarevolution.com\/index.php\/wp-json\/wp\/v2\/users\/1"}],"replies":[{"embeddable":true,"href":"https:\/\/martyrsdelarevolution.com\/index.php\/wp-json\/wp\/v2\/comments?post=424"}],"version-history":[{"count":13,"href":"https:\/\/martyrsdelarevolution.com\/index.php\/wp-json\/wp\/v2\/pages\/424\/revisions"}],"predecessor-version":[{"id":462,"href":"https:\/\/martyrsdelarevolution.com\/index.php\/wp-json\/wp\/v2\/pages\/424\/revisions\/462"}],"wp:attachment":[{"href":"https:\/\/martyrsdelarevolution.com\/index.php\/wp-json\/wp\/v2\/media?parent=424"}],"curies":[{"name":"wp","href":"https:\/\/api.w.org\/{rel}","templated":true}]}}