{"id":361,"date":"2025-10-25T13:49:15","date_gmt":"2025-10-25T13:49:15","guid":{"rendered":"https:\/\/martyrsdelarevolution.com\/?page_id=361"},"modified":"2026-02-10T10:00:25","modified_gmt":"2026-02-10T10:00:25","slug":"livres","status":"publish","type":"page","link":"https:\/\/martyrsdelarevolution.com\/index.php\/livres\/","title":{"rendered":"Livres"},"content":{"rendered":"\t\t<div data-elementor-type=\"wp-page\" data-elementor-id=\"361\" class=\"elementor elementor-361\">\n\t\t\t\t<div class=\"elementor-element elementor-element-2875b51 e-flex e-con-boxed e-con e-parent\" data-id=\"2875b51\" data-element_type=\"container\" data-e-type=\"container\">\n\t\t\t\t\t<div class=\"e-con-inner\">\n\t\t\t\t<div class=\"elementor-element elementor-element-4115e46 elementor-widget elementor-widget-heading\" data-id=\"4115e46\" data-element_type=\"widget\" data-e-type=\"widget\" data-widget_type=\"heading.default\">\n\t\t\t\t\t<h2 class=\"elementor-heading-title elementor-size-default\">Livres traitant du sujet<\/h2>\t\t\t\t<\/div>\n\t\t\t\t\t<\/div>\n\t\t\t\t<\/div>\n\t\t<div class=\"elementor-element elementor-element-ac238e4 e-flex e-con-boxed e-con e-parent\" data-id=\"ac238e4\" data-element_type=\"container\" data-e-type=\"container\">\n\t\t\t\t\t<div class=\"e-con-inner\">\n\t\t\t\t<div class=\"elementor-element elementor-element-358c051 elementor-widget elementor-widget-image\" data-id=\"358c051\" data-element_type=\"widget\" data-e-type=\"widget\" data-widget_type=\"image.default\">\n\t\t\t\t\t\t\t\t\t\t\t\t\t\t\t\t<a href=\"https:\/\/saint-remi.fr\/fr\/apologetique\/947-terribles-chatiments-des-revolutionnaires-9782845199156.html\">\n\t\t\t\t\t\t\t<img fetchpriority=\"high\" decoding=\"async\" width=\"424\" height=\"605\" src=\"https:\/\/martyrsdelarevolution.com\/wp-content\/uploads\/2025\/10\/terribles-chatiments-des-revolutionnaires.jpg\" class=\"attachment-large size-large wp-image-367\" alt=\"\" srcset=\"https:\/\/martyrsdelarevolution.com\/wp-content\/uploads\/2025\/10\/terribles-chatiments-des-revolutionnaires.jpg 424w, https:\/\/martyrsdelarevolution.com\/wp-content\/uploads\/2025\/10\/terribles-chatiments-des-revolutionnaires-210x300.jpg 210w\" sizes=\"100vw\" \/>\t\t\t\t\t\t\t\t<\/a>\n\t\t\t\t\t\t\t\t\t\t\t\t\t\t\t<\/div>\n\t\t\t\t\t<\/div>\n\t\t\t\t<\/div>\n\t\t<div class=\"elementor-element elementor-element-826491b e-flex e-con-boxed e-con e-parent\" data-id=\"826491b\" data-element_type=\"container\" data-e-type=\"container\">\n\t\t\t\t\t<div class=\"e-con-inner\">\n\t\t\t\t<div class=\"elementor-element elementor-element-73273d6 elementor-widget elementor-widget-text-editor\" data-id=\"73273d6\" data-element_type=\"widget\" data-e-type=\"widget\" data-widget_type=\"text-editor.default\">\n\t\t\t\t\t\t\t\t\t<p>Le R\u00e9verend P\u00e8re A.-M. HUGUET<br \/>Cet ouvrage, fruit de longues recherches puis\u00e9es aux sources les plus authentiques, est une \u00e9loquente justification de la Providence \u00e0 notre \u00e9poque o\u00f9 l&rsquo;injustice et la force brutale paraissent toujours impunies et triomphantes aux yeux du vulgaire, qui ne consid\u00e8re que des faits isol\u00e9s et qui, dans tous les cas, oublie que Dieu est patient parce qu&rsquo;il est \u00e9ternel. On verra dans ces pages comment finissent les souverains et les \u00c9tats qui ne respectent pas la libert\u00e9 de l&rsquo;\u00c9glise, quels sont les terribles effets de l&rsquo;excommunication et la vengeance \u00e9clatante que le Seigneur exerce, d\u00e8s cette vie, sur les profanateurs du temple, les bourreaux des pr\u00eatres, les abatteurs de croix, et sur les ennemis du Saint-Si\u00e8ge.<br \/>Ce volume, \u00e9crit avec une grande r\u00e9serve, a trouv\u00e9 sa place dans les biblioth\u00e8ques des paroisses et des familles chr\u00e9tiennes. Les cat\u00e9chistes, les instituteurs de la jeunesse, les pr\u00e9dicateurs, puiseront dans cet int\u00e9ressant recueil des traits saisissants, capables de faire une vive et salutaire impression sur leurs auditeurs.<\/p>\t\t\t\t\t\t\t\t<\/div>\n\t\t\t\t<div class=\"elementor-element elementor-element-a9cf1b9 elementor-widget elementor-widget-image\" data-id=\"a9cf1b9\" data-element_type=\"widget\" data-e-type=\"widget\" data-widget_type=\"image.default\">\n\t\t\t\t\t\t\t\t\t\t\t\t\t\t\t<img decoding=\"async\" width=\"950\" height=\"556\" src=\"https:\/\/martyrsdelarevolution.com\/wp-content\/uploads\/2026\/02\/56779_3-349638563.jpg\" class=\"attachment-large size-large wp-image-608\" alt=\"\" srcset=\"https:\/\/martyrsdelarevolution.com\/wp-content\/uploads\/2026\/02\/56779_3-349638563.jpg 978w, https:\/\/martyrsdelarevolution.com\/wp-content\/uploads\/2026\/02\/56779_3-349638563-300x175.jpg 300w\" sizes=\"100vw\" \/>\t\t\t\t\t\t\t\t\t\t\t\t\t\t\t<\/div>\n\t\t\t\t\t<\/div>\n\t\t\t\t<\/div>\n\t\t<div class=\"elementor-element elementor-element-de2113a e-flex e-con-boxed e-con e-parent\" data-id=\"de2113a\" data-element_type=\"container\" data-e-type=\"container\">\n\t\t\t\t\t<div class=\"e-con-inner\">\n\t\t\t\t<div class=\"elementor-element elementor-element-51d018f elementor-widget elementor-widget-image\" data-id=\"51d018f\" data-element_type=\"widget\" data-e-type=\"widget\" data-widget_type=\"image.default\">\n\t\t\t\t\t\t\t\t\t\t\t\t\t\t\t\t<a href=\"http:\/\/www.librairiefrancaise.fr\/fr\/general-divers\/27-les-massacres-de-septembre-1792-abbe-nicolas-portail--9782916139623.html\">\n\t\t\t\t\t\t\t<img decoding=\"async\" width=\"714\" height=\"1024\" src=\"https:\/\/martyrsdelarevolution.com\/wp-content\/uploads\/2025\/10\/Capture-decran-2025-10-25-160203-714x1024.png\" class=\"attachment-large size-large wp-image-383\" alt=\"\" srcset=\"https:\/\/martyrsdelarevolution.com\/wp-content\/uploads\/2025\/10\/Capture-decran-2025-10-25-160203-714x1024.png 714w, https:\/\/martyrsdelarevolution.com\/wp-content\/uploads\/2025\/10\/Capture-decran-2025-10-25-160203-209x300.png 209w, https:\/\/martyrsdelarevolution.com\/wp-content\/uploads\/2025\/10\/Capture-decran-2025-10-25-160203.png 727w\" sizes=\"100vw\" \/>\t\t\t\t\t\t\t\t<\/a>\n\t\t\t\t\t\t\t\t\t\t\t\t\t\t\t<\/div>\n\t\t\t\t\t<\/div>\n\t\t\t\t<\/div>\n\t\t<div class=\"elementor-element elementor-element-2380dff e-con-full e-flex e-con e-parent\" data-id=\"2380dff\" data-element_type=\"container\" data-e-type=\"container\">\n\t\t\t\t<div class=\"elementor-element elementor-element-97e8245 elementor-widget elementor-widget-text-editor\" data-id=\"97e8245\" data-element_type=\"widget\" data-e-type=\"widget\" data-widget_type=\"text-editor.default\">\n\t\t\t\t\t\t\t\t\t<p>\u00ab Les Massacres de septembre, ces ex\u00e9cutions sommaires et massives qui se d\u00e9roul\u00e8rent du 2 au 7 septembre 1792 dans les prisons de Paris, sont un des \u00e9pisodes les plus sombres de la R\u00e9volution fran\u00e7aise.<\/p><p>Aussi l&rsquo;imagination des contemporains en fut frapp\u00e9e de stupeur. Certes, depuis 1789, le sang a d\u00e9j\u00e0 coul\u00e9 bien des fois, mais jamais une telle mani\u00e8re, froide et calcul\u00e9e, n&rsquo;a \u00e9t\u00e9 employ\u00e9e. La \u00ab\u00a0vengeance du peuple\u00a0\u00bb s&rsquo;est donn\u00e9e libre cours. La R\u00e9volution est \u00e0 un tournant d\u00e9cisif de son processus.<\/p><p>Les avis des historiens sur les motifs de ces massacres sont tr\u00e8s partag\u00e9s, et une multitude de travaux a \u00e9t\u00e9 r\u00e9alis\u00e9e sur ce sujet toujours br\u00fblant. L&rsquo;abb\u00e9 Nicolas Portail offre ici une brillante synth\u00e8se de ces \u00e9v\u00e9nements et leur interpr\u00e9tation. Apr\u00e8s avoir d\u00e9gag\u00e9 les motifs de ces tueries, il suit pas \u00e0 pas les op\u00e9rations de la semaine sanglante, \u00e0 la fois sur le terrain des prisons et dans les coulisses des assembl\u00e9es r\u00e9volutionnaires ; il tente enfin de d\u00e9gager les responsabilit\u00e9s des meneurs de ce drame et les int\u00e9r\u00eats mis en jeu.<\/p><p>Cette passionante \u00e9tude rend justice aux bien heureux martyrs qui ont p\u00e9ri dans ces massacres, soul\u00e8ve le voile encore tir\u00e9 sur les authentiqes responsables et dit toute la v\u00e9rit\u00e9 sur ce que fut \u00ab Septembre 1792 \u00bb, pr\u00e9mice de la Terreur. \u00bb<\/p>\t\t\t\t\t\t\t\t<\/div>\n\t\t\t\t<div class=\"elementor-element elementor-element-b1e2192 elementor-widget elementor-widget-image\" data-id=\"b1e2192\" data-element_type=\"widget\" data-e-type=\"widget\" data-widget_type=\"image.default\">\n\t\t\t\t\t\t\t\t\t\t\t\t\t\t\t\t<a href=\"https:\/\/www.editions-pays-et-terroirs.com\/guerre-de-vendee\/la-terreur\/les-fusillades-du-champ-des-martyrs-memoire-redige-en-1816-par-s-j-gruget.html\">\n\t\t\t\t\t\t\t<img loading=\"lazy\" decoding=\"async\" width=\"423\" height=\"600\" src=\"https:\/\/martyrsdelarevolution.com\/wp-content\/uploads\/2025\/10\/fusillades-abbe-gruget-3059363915.jpeg\" class=\"attachment-large size-large wp-image-387\" alt=\"\" srcset=\"https:\/\/martyrsdelarevolution.com\/wp-content\/uploads\/2025\/10\/fusillades-abbe-gruget-3059363915.jpeg 423w, https:\/\/martyrsdelarevolution.com\/wp-content\/uploads\/2025\/10\/fusillades-abbe-gruget-3059363915-212x300.jpeg 212w\" sizes=\"100vw\" \/>\t\t\t\t\t\t\t\t<\/a>\n\t\t\t\t\t\t\t\t\t\t\t\t\t\t\t<\/div>\n\t\t\t\t<\/div>\n\t\t<div class=\"elementor-element elementor-element-bf2fa77 e-flex e-con-boxed e-con e-parent\" data-id=\"bf2fa77\" data-element_type=\"container\" data-e-type=\"container\">\n\t\t\t\t\t<div class=\"e-con-inner\">\n\t\t\t\t<div class=\"elementor-element elementor-element-29c5d31 elementor-widget elementor-widget-text-editor\" data-id=\"29c5d31\" data-element_type=\"widget\" data-e-type=\"widget\" data-widget_type=\"text-editor.default\">\n\t\t\t\t\t\t\t\t\t<p>Plus d&rsquo;un millier de pri\u00adsonniers furent ex\u00e9cut\u00e9s<\/p><p>En compl\u00e9ment aux M\u00e9moires de l&rsquo;abb\u00e9 Gruget, cet ouvrage du m\u00eame auteur se concentre sur un des hauts lieux de la Terreur en Anjou, le Champ des Martyrs d&rsquo;Avrill\u00e9. C&rsquo;est ici, aux abords d&rsquo;Angers, que plus d&rsquo;un millier de pri\u00adsonniers furent ex\u00e9cut\u00e9s. L&rsquo;abb\u00e9 Gruget compte huit fusillades du 12 janvier au 10 f\u00e9vrier 1794, auxquelles il ajoute une neuvi\u00e8me ex\u00e9cution de cent prisonniers, le 15 avril 1794.<\/p><p>Le texte, reproduit en int\u00e9gralit\u00e9, est accompagn\u00e9 par les listes des victimes identifi\u00e9es, class\u00e9es chronologiquement. La plupart des noms cit\u00e9s sont suivis d&rsquo;indications de l&rsquo;\u00e2ge, de l&rsquo;origine et de la profession.<\/p>\t\t\t\t\t\t\t\t<\/div>\n\t\t\t\t<div class=\"elementor-element elementor-element-4b3b71f elementor-widget elementor-widget-image\" data-id=\"4b3b71f\" data-element_type=\"widget\" data-e-type=\"widget\" data-widget_type=\"image.default\">\n\t\t\t\t\t\t\t\t\t\t\t\t\t\t\t\t<a href=\"https:\/\/www.livresenfamille.fr\/biographies-temoins-saints\/18439-les-martyrs-d-orange.html\">\n\t\t\t\t\t\t\t<img loading=\"lazy\" decoding=\"async\" width=\"853\" height=\"1000\" src=\"https:\/\/martyrsdelarevolution.com\/wp-content\/uploads\/2025\/10\/les-martyrs-d-orange.webp\" class=\"attachment-large size-large wp-image-400\" alt=\"\" srcset=\"https:\/\/martyrsdelarevolution.com\/wp-content\/uploads\/2025\/10\/les-martyrs-d-orange.webp 853w, https:\/\/martyrsdelarevolution.com\/wp-content\/uploads\/2025\/10\/les-martyrs-d-orange-256x300.webp 256w\" sizes=\"100vw\" \/>\t\t\t\t\t\t\t\t<\/a>\n\t\t\t\t\t\t\t\t\t\t\t\t\t\t\t<\/div>\n\t\t\t\t<div class=\"elementor-element elementor-element-7dbb17b elementor-widget elementor-widget-text-editor\" data-id=\"7dbb17b\" data-element_type=\"widget\" data-e-type=\"widget\" data-widget_type=\"text-editor.default\">\n\t\t\t\t\t\t\t\t\t<p>Le rideau s&rsquo;ouvre en 1788 : une nouvelle sup\u00e9rieure vient d&rsquo;\u00eatre \u00e9lue au monast\u00e8re du Saint-Sacrement de Boll\u00e8ne. Madeleine de la Fare, en religion soeur du Coeur de Marie, est une femme de caract\u00e8re. Et il en faudra pour mener la communaut\u00e9 \u00e0 travers la tourmente r\u00e9volutionnaire qui s&rsquo;annonce&#8230;<\/p><p>Bient\u00f4t rattach\u00e9es \u00e0 la France, les terres pontificales du Comtat Venaissin sont touch\u00e9es par les lois qui pers\u00e9cutent l&rsquo;Eglise, et somment les religieuses d&rsquo;apostasier. Mais celles-ci r\u00e9pondent : \u00ab\u00a0La loi humaine ne peut me commander des choses oppos\u00e9es \u00e0 la loi divine\u00a0\u00bb. En refusant de pr\u00eater le serment de \u00ab\u00a0libert\u00e9-\u00e9galit\u00e9-fraternit\u00e9\u00a0\u00bb devant la commission populaire d&rsquo;Orange, elles savent leur mort certaine. Cependant aucune des d\u00e9tenues n&rsquo;h\u00e9site e tleur courage \u00e9difie jusque sur l&rsquo;\u00e9chafaud.<\/p><p>Les 32 martyres d&rsquo;Orange ont \u00e9t\u00e9 b\u00e9atifi\u00e9es en 1925. Alors que s&rsquo;ouvre leur proc\u00e8s de canonisation, es religieuses t\u00e9moingent de la f\u00e9condit\u00e9 de l&rsquo;attachement au Christ envers et contre tout<\/p>\t\t\t\t\t\t\t\t<\/div>\n\t\t\t\t<div class=\"elementor-element elementor-element-cf7caa1 elementor-widget elementor-widget-image\" data-id=\"cf7caa1\" data-element_type=\"widget\" data-e-type=\"widget\" data-widget_type=\"image.default\">\n\t\t\t\t\t\t\t\t\t\t\t\t\t\t\t<img loading=\"lazy\" decoding=\"async\" width=\"652\" height=\"986\" src=\"https:\/\/martyrsdelarevolution.com\/wp-content\/uploads\/2025\/10\/Capture-decran-2025-10-25-155949.png\" class=\"attachment-large size-large wp-image-379\" alt=\"\" srcset=\"https:\/\/martyrsdelarevolution.com\/wp-content\/uploads\/2025\/10\/Capture-decran-2025-10-25-155949.png 652w, https:\/\/martyrsdelarevolution.com\/wp-content\/uploads\/2025\/10\/Capture-decran-2025-10-25-155949-198x300.png 198w\" sizes=\"100vw\" \/>\t\t\t\t\t\t\t\t\t\t\t\t\t\t\t<\/div>\n\t\t\t\t<div class=\"elementor-element elementor-element-069c455 elementor-widget elementor-widget-image\" data-id=\"069c455\" data-element_type=\"widget\" data-e-type=\"widget\" data-widget_type=\"image.default\">\n\t\t\t\t\t\t\t\t\t\t\t\t\t\t\t<img loading=\"lazy\" decoding=\"async\" width=\"740\" height=\"1024\" src=\"https:\/\/martyrsdelarevolution.com\/wp-content\/uploads\/2025\/10\/Capture-decran-2025-10-25-163243-740x1024.png\" class=\"attachment-large size-large wp-image-405\" alt=\"\" srcset=\"https:\/\/martyrsdelarevolution.com\/wp-content\/uploads\/2025\/10\/Capture-decran-2025-10-25-163243-740x1024.png 740w, https:\/\/martyrsdelarevolution.com\/wp-content\/uploads\/2025\/10\/Capture-decran-2025-10-25-163243-217x300.png 217w, https:\/\/martyrsdelarevolution.com\/wp-content\/uploads\/2025\/10\/Capture-decran-2025-10-25-163243.png 750w\" sizes=\"100vw\" \/>\t\t\t\t\t\t\t\t\t\t\t\t\t\t\t<\/div>\n\t\t\t\t<div class=\"elementor-element elementor-element-585c3ae elementor-widget elementor-widget-image\" data-id=\"585c3ae\" data-element_type=\"widget\" data-e-type=\"widget\" data-widget_type=\"image.default\">\n\t\t\t\t\t\t\t\t\t\t\t\t\t\t\t\t<a href=\"https:\/\/www.fnac.com\/livre-numerique\/a13980786\/Philippe-Vilgier-1792-1794-la-Terreur-mode-d-emploi\">\n\t\t\t\t\t\t\t<img loading=\"lazy\" decoding=\"async\" width=\"405\" height=\"617\" src=\"https:\/\/martyrsdelarevolution.com\/wp-content\/uploads\/2025\/10\/Capture-decran-2025-10-25-155339.png\" class=\"attachment-large size-large wp-image-374\" alt=\"\" srcset=\"https:\/\/martyrsdelarevolution.com\/wp-content\/uploads\/2025\/10\/Capture-decran-2025-10-25-155339.png 405w, https:\/\/martyrsdelarevolution.com\/wp-content\/uploads\/2025\/10\/Capture-decran-2025-10-25-155339-197x300.png 197w\" sizes=\"100vw\" \/>\t\t\t\t\t\t\t\t<\/a>\n\t\t\t\t\t\t\t\t\t\t\t\t\t\t\t<\/div>\n\t\t\t\t\t<\/div>\n\t\t\t\t<\/div>\n\t\t<div class=\"elementor-element elementor-element-95b600f e-flex e-con-boxed e-con e-parent\" data-id=\"95b600f\" data-element_type=\"container\" data-e-type=\"container\">\n\t\t\t\t\t<div class=\"e-con-inner\">\n\t\t\t\t\t<\/div>\n\t\t\t\t<\/div>\n\t\t<div class=\"elementor-element elementor-element-b00b555 e-flex e-con-boxed e-con e-parent\" data-id=\"b00b555\" data-element_type=\"container\" data-e-type=\"container\">\n\t\t\t\t\t<div class=\"e-con-inner\">\n\t\t\t\t<div class=\"elementor-element elementor-element-45b6e31 elementor-widget elementor-widget-text-editor\" data-id=\"45b6e31\" data-element_type=\"widget\" data-e-type=\"widget\" data-widget_type=\"text-editor.default\">\n\t\t\t\t\t\t\t\t\t<p>Lorem ipsum dolor sit amet, consectetur adipiscing elit. Ut elit tellus, luctus nec ullamcorper mattis, pulvinar dapibus leo.<\/p>\t\t\t\t\t\t\t\t<\/div>\n\t\t\t\t\t<\/div>\n\t\t\t\t<\/div>\n\t\t\t\t<\/div>\n\t\t","protected":false},"excerpt":{"rendered":"<p>Livres traitant du sujet Le R\u00e9verend P\u00e8re A.-M. HUGUETCet ouvrage, fruit de longues recherches puis\u00e9es aux sources les plus authentiques, est une \u00e9loquente justification de la Providence \u00e0 notre \u00e9poque o\u00f9 l&rsquo;injustice et la force brutale paraissent toujours impunies et triomphantes aux yeux du vulgaire, qui ne consid\u00e8re que des faits isol\u00e9s et qui, dans &hellip; <\/p>\n<p class=\"link-more\"><a href=\"https:\/\/martyrsdelarevolution.com\/index.php\/livres\/\" class=\"more-link\">Lire la suite de<span class=\"screen-reader-text\">\u00ab\u00a0Livres\u00a0\u00bb<\/span><\/a><\/p>\n","protected":false},"author":1,"featured_media":0,"parent":0,"menu_order":0,"comment_status":"closed","ping_status":"closed","template":"","meta":{"iawp_total_views":63,"inspiro_hide_title":false,"footnotes":""},"class_list":["post-361","page","type-page","status-publish","hentry"],"yoast_head":"<!-- This site is optimized with the Yoast SEO plugin v27.3 - https:\/\/yoast.com\/product\/yoast-seo-wordpress\/ -->\n<title>Livres - Martyrs de la R\u00e9volution<\/title>\n<meta name=\"description\" content=\"Page contenant les livres traitant des Martyrs de la R\u00e9volution\" \/>\n<meta name=\"robots\" content=\"index, follow, max-snippet:-1, max-image-preview:large, max-video-preview:-1\" \/>\n<link rel=\"canonical\" href=\"https:\/\/martyrsdelarevolution.com\/index.php\/livres\/\" \/>\n<meta property=\"og:locale\" content=\"fr_FR\" \/>\n<meta property=\"og:type\" content=\"article\" \/>\n<meta property=\"og:title\" content=\"Livres - Martyrs de la R\u00e9volution\" \/>\n<meta property=\"og:description\" content=\"Page contenant les livres traitant des Martyrs de la R\u00e9volution\" \/>\n<meta property=\"og:url\" content=\"https:\/\/martyrsdelarevolution.com\/index.php\/livres\/\" \/>\n<meta property=\"og:site_name\" content=\"Martyrs de la R\u00e9volution\" \/>\n<meta property=\"article:modified_time\" content=\"2026-02-10T10:00:25+00:00\" \/>\n<meta property=\"og:image\" content=\"https:\/\/martyrsdelarevolution.com\/wp-content\/uploads\/2025\/10\/terribles-chatiments-des-revolutionnaires.jpg\" \/>\n\t<meta property=\"og:image:width\" content=\"424\" \/>\n\t<meta property=\"og:image:height\" content=\"605\" \/>\n\t<meta property=\"og:image:type\" content=\"image\/jpeg\" \/>\n<meta name=\"twitter:card\" content=\"summary_large_image\" \/>\n<meta name=\"twitter:label1\" content=\"Dur\u00e9e de lecture estim\u00e9e\" \/>\n\t<meta name=\"twitter:data1\" content=\"5 minutes\" \/>\n<script type=\"application\/ld+json\" class=\"yoast-schema-graph\">{\"@context\":\"https:\\\/\\\/schema.org\",\"@graph\":[{\"@type\":\"WebPage\",\"@id\":\"https:\\\/\\\/martyrsdelarevolution.com\\\/index.php\\\/livres\\\/\",\"url\":\"https:\\\/\\\/martyrsdelarevolution.com\\\/index.php\\\/livres\\\/\",\"name\":\"Livres - Martyrs de la R\u00e9volution\",\"isPartOf\":{\"@id\":\"https:\\\/\\\/martyrsdelarevolution.com\\\/#website\"},\"primaryImageOfPage\":{\"@id\":\"https:\\\/\\\/martyrsdelarevolution.com\\\/index.php\\\/livres\\\/#primaryimage\"},\"image\":{\"@id\":\"https:\\\/\\\/martyrsdelarevolution.com\\\/index.php\\\/livres\\\/#primaryimage\"},\"thumbnailUrl\":\"https:\\\/\\\/martyrsdelarevolution.com\\\/wp-content\\\/uploads\\\/2025\\\/10\\\/terribles-chatiments-des-revolutionnaires.jpg\",\"datePublished\":\"2025-10-25T13:49:15+00:00\",\"dateModified\":\"2026-02-10T10:00:25+00:00\",\"description\":\"Page contenant les livres traitant des Martyrs de la R\u00e9volution\",\"breadcrumb\":{\"@id\":\"https:\\\/\\\/martyrsdelarevolution.com\\\/index.php\\\/livres\\\/#breadcrumb\"},\"inLanguage\":\"fr-FR\",\"potentialAction\":[{\"@type\":\"ReadAction\",\"target\":[\"https:\\\/\\\/martyrsdelarevolution.com\\\/index.php\\\/livres\\\/\"]}]},{\"@type\":\"ImageObject\",\"inLanguage\":\"fr-FR\",\"@id\":\"https:\\\/\\\/martyrsdelarevolution.com\\\/index.php\\\/livres\\\/#primaryimage\",\"url\":\"https:\\\/\\\/martyrsdelarevolution.com\\\/wp-content\\\/uploads\\\/2025\\\/10\\\/terribles-chatiments-des-revolutionnaires.jpg\",\"contentUrl\":\"https:\\\/\\\/martyrsdelarevolution.com\\\/wp-content\\\/uploads\\\/2025\\\/10\\\/terribles-chatiments-des-revolutionnaires.jpg\",\"width\":424,\"height\":605},{\"@type\":\"BreadcrumbList\",\"@id\":\"https:\\\/\\\/martyrsdelarevolution.com\\\/index.php\\\/livres\\\/#breadcrumb\",\"itemListElement\":[{\"@type\":\"ListItem\",\"position\":1,\"name\":\"Accueil\",\"item\":\"https:\\\/\\\/martyrsdelarevolution.com\\\/\"},{\"@type\":\"ListItem\",\"position\":2,\"name\":\"Livres\"}]},{\"@type\":\"WebSite\",\"@id\":\"https:\\\/\\\/martyrsdelarevolution.com\\\/#website\",\"url\":\"https:\\\/\\\/martyrsdelarevolution.com\\\/\",\"name\":\"Martyrs de la R\u00e9volution\",\"description\":\"\",\"potentialAction\":[{\"@type\":\"SearchAction\",\"target\":{\"@type\":\"EntryPoint\",\"urlTemplate\":\"https:\\\/\\\/martyrsdelarevolution.com\\\/?s={search_term_string}\"},\"query-input\":{\"@type\":\"PropertyValueSpecification\",\"valueRequired\":true,\"valueName\":\"search_term_string\"}}],\"inLanguage\":\"fr-FR\"}]}<\/script>\n<!-- \/ Yoast SEO plugin. -->","yoast_head_json":{"title":"Livres - Martyrs de la R\u00e9volution","description":"Page contenant les livres traitant des Martyrs de la R\u00e9volution","robots":{"index":"index","follow":"follow","max-snippet":"max-snippet:-1","max-image-preview":"max-image-preview:large","max-video-preview":"max-video-preview:-1"},"canonical":"https:\/\/martyrsdelarevolution.com\/index.php\/livres\/","og_locale":"fr_FR","og_type":"article","og_title":"Livres - Martyrs de la R\u00e9volution","og_description":"Page contenant les livres traitant des Martyrs de la R\u00e9volution","og_url":"https:\/\/martyrsdelarevolution.com\/index.php\/livres\/","og_site_name":"Martyrs de la R\u00e9volution","article_modified_time":"2026-02-10T10:00:25+00:00","og_image":[{"width":424,"height":605,"url":"https:\/\/martyrsdelarevolution.com\/wp-content\/uploads\/2025\/10\/terribles-chatiments-des-revolutionnaires.jpg","type":"image\/jpeg"}],"twitter_card":"summary_large_image","twitter_misc":{"Dur\u00e9e de lecture estim\u00e9e":"5 minutes"},"schema":{"@context":"https:\/\/schema.org","@graph":[{"@type":"WebPage","@id":"https:\/\/martyrsdelarevolution.com\/index.php\/livres\/","url":"https:\/\/martyrsdelarevolution.com\/index.php\/livres\/","name":"Livres - Martyrs de la R\u00e9volution","isPartOf":{"@id":"https:\/\/martyrsdelarevolution.com\/#website"},"primaryImageOfPage":{"@id":"https:\/\/martyrsdelarevolution.com\/index.php\/livres\/#primaryimage"},"image":{"@id":"https:\/\/martyrsdelarevolution.com\/index.php\/livres\/#primaryimage"},"thumbnailUrl":"https:\/\/martyrsdelarevolution.com\/wp-content\/uploads\/2025\/10\/terribles-chatiments-des-revolutionnaires.jpg","datePublished":"2025-10-25T13:49:15+00:00","dateModified":"2026-02-10T10:00:25+00:00","description":"Page contenant les livres traitant des Martyrs de la R\u00e9volution","breadcrumb":{"@id":"https:\/\/martyrsdelarevolution.com\/index.php\/livres\/#breadcrumb"},"inLanguage":"fr-FR","potentialAction":[{"@type":"ReadAction","target":["https:\/\/martyrsdelarevolution.com\/index.php\/livres\/"]}]},{"@type":"ImageObject","inLanguage":"fr-FR","@id":"https:\/\/martyrsdelarevolution.com\/index.php\/livres\/#primaryimage","url":"https:\/\/martyrsdelarevolution.com\/wp-content\/uploads\/2025\/10\/terribles-chatiments-des-revolutionnaires.jpg","contentUrl":"https:\/\/martyrsdelarevolution.com\/wp-content\/uploads\/2025\/10\/terribles-chatiments-des-revolutionnaires.jpg","width":424,"height":605},{"@type":"BreadcrumbList","@id":"https:\/\/martyrsdelarevolution.com\/index.php\/livres\/#breadcrumb","itemListElement":[{"@type":"ListItem","position":1,"name":"Accueil","item":"https:\/\/martyrsdelarevolution.com\/"},{"@type":"ListItem","position":2,"name":"Livres"}]},{"@type":"WebSite","@id":"https:\/\/martyrsdelarevolution.com\/#website","url":"https:\/\/martyrsdelarevolution.com\/","name":"Martyrs de la R\u00e9volution","description":"","potentialAction":[{"@type":"SearchAction","target":{"@type":"EntryPoint","urlTemplate":"https:\/\/martyrsdelarevolution.com\/?s={search_term_string}"},"query-input":{"@type":"PropertyValueSpecification","valueRequired":true,"valueName":"search_term_string"}}],"inLanguage":"fr-FR"}]}},"_links":{"self":[{"href":"https:\/\/martyrsdelarevolution.com\/index.php\/wp-json\/wp\/v2\/pages\/361","targetHints":{"allow":["GET"]}}],"collection":[{"href":"https:\/\/martyrsdelarevolution.com\/index.php\/wp-json\/wp\/v2\/pages"}],"about":[{"href":"https:\/\/martyrsdelarevolution.com\/index.php\/wp-json\/wp\/v2\/types\/page"}],"author":[{"embeddable":true,"href":"https:\/\/martyrsdelarevolution.com\/index.php\/wp-json\/wp\/v2\/users\/1"}],"replies":[{"embeddable":true,"href":"https:\/\/martyrsdelarevolution.com\/index.php\/wp-json\/wp\/v2\/comments?post=361"}],"version-history":[{"count":49,"href":"https:\/\/martyrsdelarevolution.com\/index.php\/wp-json\/wp\/v2\/pages\/361\/revisions"}],"predecessor-version":[{"id":612,"href":"https:\/\/martyrsdelarevolution.com\/index.php\/wp-json\/wp\/v2\/pages\/361\/revisions\/612"}],"wp:attachment":[{"href":"https:\/\/martyrsdelarevolution.com\/index.php\/wp-json\/wp\/v2\/media?parent=361"}],"curies":[{"name":"wp","href":"https:\/\/api.w.org\/{rel}","templated":true}]}}