{"id":221,"date":"2025-10-25T11:24:21","date_gmt":"2025-10-25T11:24:21","guid":{"rendered":"https:\/\/martyrsdelarevolution.com\/?page_id=221"},"modified":"2026-02-10T15:16:49","modified_gmt":"2026-02-10T15:16:49","slug":"liens","status":"publish","type":"page","link":"https:\/\/martyrsdelarevolution.com\/index.php\/liens\/","title":{"rendered":"Liens"},"content":{"rendered":"\t\t<div data-elementor-type=\"wp-page\" data-elementor-id=\"221\" class=\"elementor elementor-221\">\n\t\t\t\t<div class=\"elementor-element elementor-element-c3a7fec e-flex e-con-boxed e-con e-parent\" data-id=\"c3a7fec\" data-element_type=\"container\" data-e-type=\"container\">\n\t\t\t\t\t<div class=\"e-con-inner\">\n\t\t\t\t<div class=\"elementor-element elementor-element-fb5b38d elementor-widget elementor-widget-image\" data-id=\"fb5b38d\" data-element_type=\"widget\" data-e-type=\"widget\" data-widget_type=\"image.default\">\n\t\t\t\t\t\t\t\t\t\t\t\t\t\t\t\t<a href=\"https:\/\/www.souvenirvendeen.fr\/\">\n\t\t\t\t\t\t\t<img fetchpriority=\"high\" decoding=\"async\" width=\"227\" height=\"250\" src=\"https:\/\/martyrsdelarevolution.com\/wp-content\/uploads\/2025\/10\/souvenir.jpg\" class=\"attachment-large size-large wp-image-223\" alt=\"\" sizes=\"100vw\" \/>\t\t\t\t\t\t\t\t<\/a>\n\t\t\t\t\t\t\t\t\t\t\t\t\t\t\t<\/div>\n\t\t\t\t<div class=\"elementor-element elementor-element-04deb9d elementor-widget elementor-widget-text-editor\" data-id=\"04deb9d\" data-element_type=\"widget\" data-e-type=\"widget\" data-widget_type=\"text-editor.default\">\n\t\t\t\t\t\t\t\t\t<p><strong>Le Souvenir Vend\u00e9en a \u00e9t\u00e9 fond\u00e9 par le Docteur Charles Coubard en 1932, tout juste un si\u00e8cle apr\u00e8s le dernier combat de la derni\u00e8re guerre de Vend\u00e9e, comme pour relever le flambeau de la m\u00e9moire. Cette association loi 1901 s\u2019est donn\u00e9 plusieurs buts :<\/strong><\/p><ul><li>L\u2019\u00e9tude et le maintien de l\u2019ensemble traditionnel, culturel, historique et religieux propre aux territoires formant le cadre de la Grande Guerre de 1793 et r\u00e9unis sous l\u2019appellation de \u00ab Vend\u00e9e militaire \u00bb (les Mauges et le Choletais, le Pays de Retz et le Loroux, le Bocage vend\u00e9en et le Marais, le Bocage bressuirais).<\/li><li>La recherche, en liaison avec les services d\u2019archives, des documents et traditions orales se rattachant \u00e0 l\u2019histoire de la Vend\u00e9e militaire.<\/li><li>L\u2019\u00e9dification, la restauration, la conservation, l\u2019entretien et la mise en valeur de monuments comm\u00e9moratifs se rapportant \u00e0 l\u2019histoire de la Vend\u00e9e militaire.<\/li><li>La diffusion et la vulgarisation des connaissances sur cette histoire dans un but d\u2019\u00e9ducation populaire par toute sorte de moyens : journ\u00e9es de visite sur des lieux de m\u00e9moire, conf\u00e9rences, comm\u00e9morations, publications, pr\u00e9sence sur les r\u00e9seaux sociaux, etc. Le Souvenir Vend\u00e9en a \u00e9galement mis en place une exposition mobile de 14 panneaux d\u00e9roulants faciles \u00e0 d\u00e9ployer pour des animations <a href=\"https:\/\/www.souvenirvendeen.fr\/\"><em><strong>https:\/\/www.souvenirvendeen.fr\/<\/strong><\/em><\/a><\/li><\/ul>\t\t\t\t\t\t\t\t<\/div>\n\t\t\t\t\t<\/div>\n\t\t\t\t<\/div>\n\t\t<div class=\"elementor-element elementor-element-e2dd1d6 e-flex e-con-boxed e-con e-parent\" data-id=\"e2dd1d6\" data-element_type=\"container\" data-e-type=\"container\">\n\t\t\t\t\t<div class=\"e-con-inner\">\n\t\t\t\t<div class=\"elementor-element elementor-element-637ff25 elementor-widget elementor-widget-heading\" data-id=\"637ff25\" data-element_type=\"widget\" data-e-type=\"widget\" data-widget_type=\"heading.default\">\n\t\t\t\t\t<h2 class=\"elementor-heading-title elementor-size-default\"><a href=\"https:\/\/lyon93.fr\/qui-sommes-nous\/\">Lyon 93<\/a><\/h2>\t\t\t\t<\/div>\n\t\t\t\t\t<\/div>\n\t\t\t\t<\/div>\n\t\t<div class=\"elementor-element elementor-element-1eb2c52 e-flex e-con-boxed e-con e-parent\" data-id=\"1eb2c52\" data-element_type=\"container\" data-e-type=\"container\">\n\t\t\t\t\t<div class=\"e-con-inner\">\n\t\t\t\t<div class=\"elementor-element elementor-element-4e2b553 elementor-widget elementor-widget-text-editor\" data-id=\"4e2b553\" data-element_type=\"widget\" data-e-type=\"widget\" data-widget_type=\"text-editor.default\">\n\t\t\t\t\t\t\t\t\t<p><strong><em>LYON 93 s\u2019est fix\u00e9 comme objectif d\u2019agir de mani\u00e8re d\u00e9sint\u00e9ress\u00e9e pour le maintien du souvenir des victimes lyonnaises de la p\u00e9riode 1793-1794.<\/em><\/strong><\/p><p>Les statuts de l\u2019association LYON 93 furent d\u00e9pos\u00e9s en 1982. Les Lyonnais les plus int\u00e9ress\u00e9s \u00e9taient a priori les descendants des victimes, qu\u2019il fallait d\u2019abord retrouver. Un annuaire fut donc institu\u00e9, contenant la liste des victimes \u00e9tudi\u00e9es et la liste de leurs descendants connus, dont beaucoup allaient apporter une large contribution au travail entrepris.<\/p><p>La connaissance du lien entre les victimes et leurs descendants supposait l\u2019\u00e9tablissement d\u2019une g\u00e9n\u00e9alogie \u00e9tablie par ceux-ci. On aboutirait donc \u00e0 des dossiers constitu\u00e9s par l\u2019\u00e9tude des victimes et la g\u00e9n\u00e9alogie de leur famille.<\/p><p>Il fut d\u00e9cid\u00e9 que la diffusion de ces dossiers serait r\u00e9alis\u00e9e par la publication de volumes dont l\u2019ensemble s\u2019intitulerait \u00ab<strong>Le M\u00e9morial de Lyon en 1793\u00bb<\/strong>. La composition et la pr\u00e9sentation standard de ces volumes furent mises au point dans les mois qui suivirent et le premier tome consacr\u00e9 aux victimes Audras et Billet fut \u00e9dit\u00e9 en juillet 1985.<\/p><p>La collection du M\u00e9morial se compose actuellement de 24 tomes publi\u00e9s sur le m\u00eame mod\u00e8le, consacr\u00e9s au total \u00e0 63 victimes. D\u2019autres tomes sont en pr\u00e9paration. C\u2019est une \u0153uvre globale recherch\u00e9e par les descendants ou amis des familles et aussi par de nombreux g\u00e9n\u00e9alogistes.\u00a0<a href=\"https:\/\/lyon93.fr\/wp-content\/uploads\/2023\/05\/collection.jpg\" target=\"_blank\" rel=\"noopener\"><strong>Voir la collection<\/strong><\/a><\/p><p>L\u2019annuaire, mis \u00e0 jour tous les deux ans, compte maintenant pr\u00e8s de 380 adh\u00e9rents et 578 victimes r\u00e9pertori\u00e9es.\u00a0<a href=\"https:\/\/lyon93.fr\/wp-content\/uploads\/2025\/04\/fichier-des-victimes-avril-2025.pdf\" target=\"_blank\" rel=\"noopener\"><strong>Voir le fichier des victimes<\/strong><\/a><\/p><p>Chaque ann\u00e9e les membres de l\u2019Association sont convi\u00e9s \u00e0 une journ\u00e9e, appel\u00e9e \u00ab\u00a0assises\u00a0\u00bb leur permettant de se rencontrer et comportant une conf\u00e9rence le matin ainsi qu\u2019une visite guid\u00e9e d\u2019un site de Lyon ou de ses environs, l\u2019apr\u00e8s-midi.<\/p><p><a href=\"https:\/\/lyon93.fr\/\">https:\/\/lyon93.fr\/<\/a><\/p>\t\t\t\t\t\t\t\t<\/div>\n\t\t\t\t<div class=\"elementor-element elementor-element-f6e00d6 elementor-widget elementor-widget-image\" data-id=\"f6e00d6\" data-element_type=\"widget\" data-e-type=\"widget\" data-widget_type=\"image.default\">\n\t\t\t\t\t\t\t\t\t\t\t\t\t\t\t\t<a href=\"https:\/\/les-martyrs-lyonnais-de-la-revolution-22.webselfsite.net\/accueil\">\n\t\t\t\t\t\t\t<img decoding=\"async\" width=\"950\" height=\"612\" src=\"https:\/\/martyrsdelarevolution.com\/wp-content\/uploads\/2025\/10\/Capture-decran-2025-10-25-135219.png\" class=\"attachment-large size-large wp-image-235\" alt=\"\" srcset=\"https:\/\/martyrsdelarevolution.com\/wp-content\/uploads\/2025\/10\/Capture-decran-2025-10-25-135219.png 1006w, https:\/\/martyrsdelarevolution.com\/wp-content\/uploads\/2025\/10\/Capture-decran-2025-10-25-135219-300x193.png 300w\" sizes=\"100vw\" \/>\t\t\t\t\t\t\t\t<\/a>\n\t\t\t\t\t\t\t\t\t\t\t\t\t\t\t<\/div>\n\t\t\t\t\t<\/div>\n\t\t\t\t<\/div>\n\t\t<div class=\"elementor-element elementor-element-6d0ffdb e-flex e-con-boxed e-con e-parent\" data-id=\"6d0ffdb\" data-element_type=\"container\" data-e-type=\"container\">\n\t\t\t\t\t<div class=\"e-con-inner\">\n\t\t\t\t<div class=\"elementor-element elementor-element-fd478de elementor-widget elementor-widget-text-editor\" data-id=\"fd478de\" data-element_type=\"widget\" data-e-type=\"widget\" data-widget_type=\"text-editor.default\">\n\t\t\t\t\t\t\t\t\t<div id=\"ct_133171446\" class=\"Block Type_Text\"><div class=\"Block_Wrapper\"><div class=\"wsCtText\"><p><span style=\"font-family: literata;\">Nous sommes une petite \u00e9quipe soutenant l&rsquo;ouverture, par l\u2019\u00c9glise Catholique, de la cause de b\u00e9atification de plusieurs martyrs\u00a0lyonnais, morts pour leur foi en 1793-1794 \u00e0 la suite du si\u00e8ge de Lyon. Il nous importe aujourd&rsquo;hui de\u00a0<strong>les faire conna\u00eetre du grand public<\/strong>\u00a0et de proposer des visites de la crypte des Brotteaux\u00a0qui abrite leurs ossements, ainsi que tenir au\u00a0courant des avanc\u00e9es de la cause que nous soutenons.\u00a0<\/span><\/p><\/div><\/div><\/div><div id=\"ct_133229180\" class=\"Block Type_Text\"><div class=\"Block_Wrapper\"><div class=\"wsCtText\"><p>AMIS DES MARTYRS<\/p><p><a href=\"https:\/\/les-martyrs-lyonnais-de-la-revolution-22.webselfsite.net\/accueil\">https:\/\/les-martyrs-lyonnais-de-la-revolution-22.webselfsite.net\/accueil<\/a><\/p><\/div><\/div><\/div>\t\t\t\t\t\t\t\t<\/div>\n\t\t\t\t\t<\/div>\n\t\t\t\t<\/div>\n\t\t<div class=\"elementor-element elementor-element-f595ede e-flex e-con-boxed e-con e-parent\" data-id=\"f595ede\" data-element_type=\"container\" data-e-type=\"container\">\n\t\t\t\t\t<div class=\"e-con-inner\">\n\t\t\t\t<div class=\"elementor-element elementor-element-ac88920 elementor-widget elementor-widget-image\" data-id=\"ac88920\" data-element_type=\"widget\" data-e-type=\"widget\" data-widget_type=\"image.default\">\n\t\t\t\t\t\t\t\t\t\t\t\t\t\t\t\t<a href=\"https:\/\/www.facebook.com\/asso.martyrs.avrille\">\n\t\t\t\t\t\t\t<img decoding=\"async\" width=\"541\" height=\"496\" src=\"https:\/\/martyrsdelarevolution.com\/wp-content\/uploads\/2025\/10\/401512262_326790353320524_4265339791545688512_n.jpg\" class=\"attachment-large size-large wp-image-239\" alt=\"\" srcset=\"https:\/\/martyrsdelarevolution.com\/wp-content\/uploads\/2025\/10\/401512262_326790353320524_4265339791545688512_n.jpg 541w, https:\/\/martyrsdelarevolution.com\/wp-content\/uploads\/2025\/10\/401512262_326790353320524_4265339791545688512_n-300x275.jpg 300w\" sizes=\"100vw\" \/>\t\t\t\t\t\t\t\t<\/a>\n\t\t\t\t\t\t\t\t\t\t\t\t\t\t\t<\/div>\n\t\t\t\t\t<\/div>\n\t\t\t\t<\/div>\n\t\t<div class=\"elementor-element elementor-element-9aa6b46 e-flex e-con-boxed e-con e-parent\" data-id=\"9aa6b46\" data-element_type=\"container\" data-e-type=\"container\">\n\t\t\t\t\t<div class=\"e-con-inner\">\n\t\t\t\t<div class=\"elementor-element elementor-element-5c3b450 elementor-widget elementor-widget-text-editor\" data-id=\"5c3b450\" data-element_type=\"widget\" data-e-type=\"widget\" data-widget_type=\"text-editor.default\">\n\t\t\t\t\t\t\t\t\t<p>L&rsquo;Association des descendants des Martyrs d&rsquo;Avrill\u00e9 r\u00e9unit celles et ceux qui sont attach\u00e9s \u00e0 la m\u00e9moire de tous ceux qui sont tomb\u00e9s en haine de la foi en 1794 \u00e0 Avrill\u00e9.<br class=\"html-br\" \/>99 de ces martyrs ont \u00e9t\u00e9 b\u00e9atifi\u00e9s par l&rsquo;Eglise Catholique.<\/p><p><a href=\"https:\/\/www.facebook.com\/asso.martyrs.avrille\">https:\/\/www.facebook.com\/asso.martyrs.avrille<\/a><\/p>\t\t\t\t\t\t\t\t<\/div>\n\t\t\t\t\t<\/div>\n\t\t\t\t<\/div>\n\t\t<div class=\"elementor-element elementor-element-fd00863 e-flex e-con-boxed e-con e-parent\" data-id=\"fd00863\" data-element_type=\"container\" data-e-type=\"container\">\n\t\t\t\t\t<div class=\"e-con-inner\">\n\t\t\t\t<div class=\"elementor-element elementor-element-2e43c63 elementor-widget elementor-widget-image\" data-id=\"2e43c63\" data-element_type=\"widget\" data-e-type=\"widget\" data-widget_type=\"image.default\">\n\t\t\t\t\t\t\t\t\t\t\t\t\t\t\t\t<a href=\"https:\/\/vendeemilitaire.blogspot.com\/\">\n\t\t\t\t\t\t\t<img loading=\"lazy\" decoding=\"async\" width=\"950\" height=\"950\" src=\"https:\/\/martyrsdelarevolution.com\/wp-content\/uploads\/2025\/10\/312441739_107166272196384_5298629439290432580_n.jpg\" class=\"attachment-large size-large wp-image-246\" alt=\"\" srcset=\"https:\/\/martyrsdelarevolution.com\/wp-content\/uploads\/2025\/10\/312441739_107166272196384_5298629439290432580_n.jpg 1000w, https:\/\/martyrsdelarevolution.com\/wp-content\/uploads\/2025\/10\/312441739_107166272196384_5298629439290432580_n-300x300.jpg 300w, https:\/\/martyrsdelarevolution.com\/wp-content\/uploads\/2025\/10\/312441739_107166272196384_5298629439290432580_n-150x150.jpg 150w\" sizes=\"100vw\" \/>\t\t\t\t\t\t\t\t<\/a>\n\t\t\t\t\t\t\t\t\t\t\t\t\t\t\t<\/div>\n\t\t\t\t\t<\/div>\n\t\t\t\t<\/div>\n\t\t<div class=\"elementor-element elementor-element-1a3c0ed e-flex e-con-boxed e-con e-parent\" data-id=\"1a3c0ed\" data-element_type=\"container\" data-e-type=\"container\">\n\t\t\t\t\t<div class=\"e-con-inner\">\n\t\t\t\t<div class=\"elementor-element elementor-element-8a27ac9 elementor-widget elementor-widget-text-editor\" data-id=\"8a27ac9\" data-element_type=\"widget\" data-e-type=\"widget\" data-widget_type=\"text-editor.default\">\n\t\t\t\t\t\t\t\t\t<p>Cr\u00e9\u00e9e \u00e0 la fin de l\u2019ann\u00e9e 1975 par Dominique Lambert de La Douasnerie,<br \/>l\u2019association\u00a0<b><i>Vend\u00e9e Militaire<\/i>\u00a0<\/b>s\u2019est donn\u00e9e plusieurs buts\u00a0:<u><\/u><br \/>\u00a0 \u2022\u00a0 Sauver de l\u2019oubli et de l\u2019indiff\u00e9rence le souvenir des Guerres de Vend\u00e9e et de la Chouannerie<br \/>\u00a0 \u2022\u00a0 Sauvegarder le patrimoine spirituel, \u00e9crit, architectural des Guerres de l\u2019Ouest<\/p><div>\u00a0 \u2022\u00a0 Organiser des c\u00e9r\u00e9monies comm\u00e9moratives aux sites, aux champs de bataille et aux lieux de la\u00a0\u00a0 m\u00e9moire de la Vend\u00e9e Militaire et de la Chouannerie.<\/div><p>\u00a0 \u2022\u00a0 Organiser des\u00a0<a href=\"http:\/\/vendeemilitaire.blogspot.fr\/2012\/11\/les-veillees-vendeennes.html\" target=\"_blank\" rel=\"noopener\">Veill\u00e9es vend\u00e9ennes<\/a>\u00a0(d\u00e9j\u00e0 pr\u00e8s de 200 \u00e0 ce jour) et des promenades de d\u00e9couvertes dans les localit\u00e9s des pays vend\u00e9ens et chouans, mais aussi hors de France.<br \/>\u00a0 \u2022\u00a0 Rassembler au sein d\u2019un cercle les descendants (et apparent\u00e9s) des soldats vend\u00e9ens et chouans et des victimes de la R\u00e9volution dans l&rsquo;Ouest.\u00a0\u00a0<\/p><p><a href=\"https:\/\/vendeemilitaire.blogspot.com\/\">https:\/\/vendeemilitaire.blogspot.com\/<\/a><\/p>\t\t\t\t\t\t\t\t<\/div>\n\t\t\t\t\t<\/div>\n\t\t\t\t<\/div>\n\t\t<div class=\"elementor-element elementor-element-9ba0444 e-flex e-con-boxed e-con e-parent\" data-id=\"9ba0444\" data-element_type=\"container\" data-e-type=\"container\">\n\t\t\t\t\t<div class=\"e-con-inner\">\n\t\t\t\t<div class=\"elementor-element elementor-element-78dcd0a elementor-widget elementor-widget-image\" data-id=\"78dcd0a\" data-element_type=\"widget\" data-e-type=\"widget\" data-widget_type=\"image.default\">\n\t\t\t\t\t\t\t\t\t\t\t\t\t\t\t\t<a href=\"http:\/\/leblogdumesnil.unblog.fr\/\">\n\t\t\t\t\t\t\t<img loading=\"lazy\" decoding=\"async\" width=\"942\" height=\"183\" src=\"https:\/\/martyrsdelarevolution.com\/wp-content\/uploads\/2025\/10\/Capture-decran-2025-10-25-193945.png\" class=\"attachment-large size-large wp-image-437\" alt=\"\" srcset=\"https:\/\/martyrsdelarevolution.com\/wp-content\/uploads\/2025\/10\/Capture-decran-2025-10-25-193945.png 942w, https:\/\/martyrsdelarevolution.com\/wp-content\/uploads\/2025\/10\/Capture-decran-2025-10-25-193945-300x58.png 300w\" sizes=\"100vw\" \/>\t\t\t\t\t\t\t\t<\/a>\n\t\t\t\t\t\t\t\t\t\t\t\t\t\t\t<\/div>\n\t\t\t\t\t<\/div>\n\t\t\t\t<\/div>\n\t\t<div class=\"elementor-element elementor-element-4315bc9 e-flex e-con-boxed e-con e-parent\" data-id=\"4315bc9\" data-element_type=\"container\" data-e-type=\"container\">\n\t\t\t\t\t<div class=\"e-con-inner\">\n\t\t\t\t<div class=\"elementor-element elementor-element-4acfa96 elementor-widget elementor-widget-image\" data-id=\"4acfa96\" data-element_type=\"widget\" data-e-type=\"widget\" data-widget_type=\"image.default\">\n\t\t\t\t\t\t\t\t\t\t\t\t<figure class=\"wp-caption\">\n\t\t\t\t\t\t\t\t\t\t\t<a href=\"https:\/\/www.musee-chouannerie-vendee.com\/\">\n\t\t\t\t\t\t\t<img loading=\"lazy\" decoding=\"async\" width=\"460\" height=\"460\" src=\"https:\/\/martyrsdelarevolution.com\/wp-content\/uploads\/2026\/02\/unnamed.png\" class=\"attachment-large size-large wp-image-613\" alt=\"\" srcset=\"https:\/\/martyrsdelarevolution.com\/wp-content\/uploads\/2026\/02\/unnamed.png 460w, https:\/\/martyrsdelarevolution.com\/wp-content\/uploads\/2026\/02\/unnamed-300x300.png 300w, https:\/\/martyrsdelarevolution.com\/wp-content\/uploads\/2026\/02\/unnamed-150x150.png 150w\" sizes=\"100vw\" \/>\t\t\t\t\t\t\t\t<\/a>\n\t\t\t\t\t\t\t\t\t\t\t<figcaption class=\"widget-image-caption wp-caption-text\">Mus\u00e9e des guerres de L'Ouest<\/figcaption>\n\t\t\t\t\t\t\t\t\t\t<\/figure>\n\t\t\t\t\t\t\t\t\t<\/div>\n\t\t\t\t\t<\/div>\n\t\t\t\t<\/div>\n\t\t\t\t<\/div>\n\t\t","protected":false},"excerpt":{"rendered":"<p>Le Souvenir Vend\u00e9en a \u00e9t\u00e9 fond\u00e9 par le Docteur Charles Coubard en 1932, tout juste un si\u00e8cle apr\u00e8s le dernier combat de la derni\u00e8re guerre de Vend\u00e9e, comme pour relever le flambeau de la m\u00e9moire. Cette association loi 1901 s\u2019est donn\u00e9 plusieurs buts : L\u2019\u00e9tude et le maintien de l\u2019ensemble traditionnel, culturel, historique et religieux &hellip; <\/p>\n<p class=\"link-more\"><a href=\"https:\/\/martyrsdelarevolution.com\/index.php\/liens\/\" class=\"more-link\">Lire la suite de<span class=\"screen-reader-text\">\u00ab\u00a0Liens\u00a0\u00bb<\/span><\/a><\/p>\n","protected":false},"author":1,"featured_media":0,"parent":0,"menu_order":0,"comment_status":"closed","ping_status":"closed","template":"","meta":{"iawp_total_views":39,"inspiro_hide_title":false,"footnotes":""},"class_list":["post-221","page","type-page","status-publish","hentry"],"yoast_head":"<!-- This site is optimized with the Yoast SEO plugin v27.3 - https:\/\/yoast.com\/product\/yoast-seo-wordpress\/ -->\n<title>Liens - Martyrs de la R\u00e9volution<\/title>\n<meta name=\"description\" content=\"Liens vers les sites amis ou qui nous semblent int\u00e9ressants.\" \/>\n<meta name=\"robots\" content=\"index, follow, max-snippet:-1, max-image-preview:large, max-video-preview:-1\" \/>\n<link rel=\"canonical\" href=\"https:\/\/martyrsdelarevolution.com\/index.php\/liens\/\" \/>\n<meta property=\"og:locale\" content=\"fr_FR\" \/>\n<meta property=\"og:type\" content=\"article\" \/>\n<meta property=\"og:title\" content=\"Liens - Martyrs de la R\u00e9volution\" \/>\n<meta property=\"og:description\" content=\"Liens vers les sites amis ou qui nous semblent int\u00e9ressants.\" \/>\n<meta property=\"og:url\" content=\"https:\/\/martyrsdelarevolution.com\/index.php\/liens\/\" \/>\n<meta property=\"og:site_name\" content=\"Martyrs de la R\u00e9volution\" \/>\n<meta property=\"article:modified_time\" content=\"2026-02-10T15:16:49+00:00\" \/>\n<meta property=\"og:image\" content=\"https:\/\/martyrsdelarevolution.com\/wp-content\/uploads\/2025\/10\/souvenir.jpg\" \/>\n\t<meta property=\"og:image:width\" content=\"227\" \/>\n\t<meta property=\"og:image:height\" content=\"250\" \/>\n\t<meta property=\"og:image:type\" content=\"image\/jpeg\" \/>\n<meta name=\"twitter:card\" content=\"summary_large_image\" \/>\n<meta name=\"twitter:label1\" content=\"Dur\u00e9e de lecture estim\u00e9e\" \/>\n\t<meta name=\"twitter:data1\" content=\"5 minutes\" \/>\n<script type=\"application\/ld+json\" class=\"yoast-schema-graph\">{\"@context\":\"https:\\\/\\\/schema.org\",\"@graph\":[{\"@type\":\"WebPage\",\"@id\":\"https:\\\/\\\/martyrsdelarevolution.com\\\/index.php\\\/liens\\\/\",\"url\":\"https:\\\/\\\/martyrsdelarevolution.com\\\/index.php\\\/liens\\\/\",\"name\":\"Liens - Martyrs de la R\u00e9volution\",\"isPartOf\":{\"@id\":\"https:\\\/\\\/martyrsdelarevolution.com\\\/#website\"},\"primaryImageOfPage\":{\"@id\":\"https:\\\/\\\/martyrsdelarevolution.com\\\/index.php\\\/liens\\\/#primaryimage\"},\"image\":{\"@id\":\"https:\\\/\\\/martyrsdelarevolution.com\\\/index.php\\\/liens\\\/#primaryimage\"},\"thumbnailUrl\":\"https:\\\/\\\/martyrsdelarevolution.com\\\/wp-content\\\/uploads\\\/2025\\\/10\\\/souvenir.jpg\",\"datePublished\":\"2025-10-25T11:24:21+00:00\",\"dateModified\":\"2026-02-10T15:16:49+00:00\",\"description\":\"Liens vers les sites amis ou qui nous semblent int\u00e9ressants.\",\"breadcrumb\":{\"@id\":\"https:\\\/\\\/martyrsdelarevolution.com\\\/index.php\\\/liens\\\/#breadcrumb\"},\"inLanguage\":\"fr-FR\",\"potentialAction\":[{\"@type\":\"ReadAction\",\"target\":[\"https:\\\/\\\/martyrsdelarevolution.com\\\/index.php\\\/liens\\\/\"]}]},{\"@type\":\"ImageObject\",\"inLanguage\":\"fr-FR\",\"@id\":\"https:\\\/\\\/martyrsdelarevolution.com\\\/index.php\\\/liens\\\/#primaryimage\",\"url\":\"https:\\\/\\\/martyrsdelarevolution.com\\\/wp-content\\\/uploads\\\/2025\\\/10\\\/souvenir.jpg\",\"contentUrl\":\"https:\\\/\\\/martyrsdelarevolution.com\\\/wp-content\\\/uploads\\\/2025\\\/10\\\/souvenir.jpg\",\"width\":227,\"height\":250},{\"@type\":\"BreadcrumbList\",\"@id\":\"https:\\\/\\\/martyrsdelarevolution.com\\\/index.php\\\/liens\\\/#breadcrumb\",\"itemListElement\":[{\"@type\":\"ListItem\",\"position\":1,\"name\":\"Accueil\",\"item\":\"https:\\\/\\\/martyrsdelarevolution.com\\\/\"},{\"@type\":\"ListItem\",\"position\":2,\"name\":\"Liens\"}]},{\"@type\":\"WebSite\",\"@id\":\"https:\\\/\\\/martyrsdelarevolution.com\\\/#website\",\"url\":\"https:\\\/\\\/martyrsdelarevolution.com\\\/\",\"name\":\"Martyrs de la R\u00e9volution\",\"description\":\"\",\"potentialAction\":[{\"@type\":\"SearchAction\",\"target\":{\"@type\":\"EntryPoint\",\"urlTemplate\":\"https:\\\/\\\/martyrsdelarevolution.com\\\/?s={search_term_string}\"},\"query-input\":{\"@type\":\"PropertyValueSpecification\",\"valueRequired\":true,\"valueName\":\"search_term_string\"}}],\"inLanguage\":\"fr-FR\"}]}<\/script>\n<!-- \/ Yoast SEO plugin. -->","yoast_head_json":{"title":"Liens - Martyrs de la R\u00e9volution","description":"Liens vers les sites amis ou qui nous semblent int\u00e9ressants.","robots":{"index":"index","follow":"follow","max-snippet":"max-snippet:-1","max-image-preview":"max-image-preview:large","max-video-preview":"max-video-preview:-1"},"canonical":"https:\/\/martyrsdelarevolution.com\/index.php\/liens\/","og_locale":"fr_FR","og_type":"article","og_title":"Liens - Martyrs de la R\u00e9volution","og_description":"Liens vers les sites amis ou qui nous semblent int\u00e9ressants.","og_url":"https:\/\/martyrsdelarevolution.com\/index.php\/liens\/","og_site_name":"Martyrs de la R\u00e9volution","article_modified_time":"2026-02-10T15:16:49+00:00","og_image":[{"width":227,"height":250,"url":"https:\/\/martyrsdelarevolution.com\/wp-content\/uploads\/2025\/10\/souvenir.jpg","type":"image\/jpeg"}],"twitter_card":"summary_large_image","twitter_misc":{"Dur\u00e9e de lecture estim\u00e9e":"5 minutes"},"schema":{"@context":"https:\/\/schema.org","@graph":[{"@type":"WebPage","@id":"https:\/\/martyrsdelarevolution.com\/index.php\/liens\/","url":"https:\/\/martyrsdelarevolution.com\/index.php\/liens\/","name":"Liens - Martyrs de la R\u00e9volution","isPartOf":{"@id":"https:\/\/martyrsdelarevolution.com\/#website"},"primaryImageOfPage":{"@id":"https:\/\/martyrsdelarevolution.com\/index.php\/liens\/#primaryimage"},"image":{"@id":"https:\/\/martyrsdelarevolution.com\/index.php\/liens\/#primaryimage"},"thumbnailUrl":"https:\/\/martyrsdelarevolution.com\/wp-content\/uploads\/2025\/10\/souvenir.jpg","datePublished":"2025-10-25T11:24:21+00:00","dateModified":"2026-02-10T15:16:49+00:00","description":"Liens vers les sites amis ou qui nous semblent int\u00e9ressants.","breadcrumb":{"@id":"https:\/\/martyrsdelarevolution.com\/index.php\/liens\/#breadcrumb"},"inLanguage":"fr-FR","potentialAction":[{"@type":"ReadAction","target":["https:\/\/martyrsdelarevolution.com\/index.php\/liens\/"]}]},{"@type":"ImageObject","inLanguage":"fr-FR","@id":"https:\/\/martyrsdelarevolution.com\/index.php\/liens\/#primaryimage","url":"https:\/\/martyrsdelarevolution.com\/wp-content\/uploads\/2025\/10\/souvenir.jpg","contentUrl":"https:\/\/martyrsdelarevolution.com\/wp-content\/uploads\/2025\/10\/souvenir.jpg","width":227,"height":250},{"@type":"BreadcrumbList","@id":"https:\/\/martyrsdelarevolution.com\/index.php\/liens\/#breadcrumb","itemListElement":[{"@type":"ListItem","position":1,"name":"Accueil","item":"https:\/\/martyrsdelarevolution.com\/"},{"@type":"ListItem","position":2,"name":"Liens"}]},{"@type":"WebSite","@id":"https:\/\/martyrsdelarevolution.com\/#website","url":"https:\/\/martyrsdelarevolution.com\/","name":"Martyrs de la R\u00e9volution","description":"","potentialAction":[{"@type":"SearchAction","target":{"@type":"EntryPoint","urlTemplate":"https:\/\/martyrsdelarevolution.com\/?s={search_term_string}"},"query-input":{"@type":"PropertyValueSpecification","valueRequired":true,"valueName":"search_term_string"}}],"inLanguage":"fr-FR"}]}},"_links":{"self":[{"href":"https:\/\/martyrsdelarevolution.com\/index.php\/wp-json\/wp\/v2\/pages\/221","targetHints":{"allow":["GET"]}}],"collection":[{"href":"https:\/\/martyrsdelarevolution.com\/index.php\/wp-json\/wp\/v2\/pages"}],"about":[{"href":"https:\/\/martyrsdelarevolution.com\/index.php\/wp-json\/wp\/v2\/types\/page"}],"author":[{"embeddable":true,"href":"https:\/\/martyrsdelarevolution.com\/index.php\/wp-json\/wp\/v2\/users\/1"}],"replies":[{"embeddable":true,"href":"https:\/\/martyrsdelarevolution.com\/index.php\/wp-json\/wp\/v2\/comments?post=221"}],"version-history":[{"count":28,"href":"https:\/\/martyrsdelarevolution.com\/index.php\/wp-json\/wp\/v2\/pages\/221\/revisions"}],"predecessor-version":[{"id":616,"href":"https:\/\/martyrsdelarevolution.com\/index.php\/wp-json\/wp\/v2\/pages\/221\/revisions\/616"}],"wp:attachment":[{"href":"https:\/\/martyrsdelarevolution.com\/index.php\/wp-json\/wp\/v2\/media?parent=221"}],"curies":[{"name":"wp","href":"https:\/\/api.w.org\/{rel}","templated":true}]}}