{"id":116,"date":"2025-08-23T14:44:37","date_gmt":"2025-08-23T14:44:37","guid":{"rendered":"http:\/\/martyrsdelarevolution.com\/?page_id=116"},"modified":"2026-02-09T13:09:08","modified_gmt":"2026-02-09T13:09:08","slug":"nous-aider","status":"publish","type":"page","link":"https:\/\/martyrsdelarevolution.com\/index.php\/nous-aider\/","title":{"rendered":"Nous aider"},"content":{"rendered":"\t\t<div data-elementor-type=\"wp-page\" data-elementor-id=\"116\" class=\"elementor elementor-116\">\n\t\t\t\t<div class=\"elementor-element elementor-element-9a2050e e-flex e-con-boxed e-con e-parent\" data-id=\"9a2050e\" data-element_type=\"container\" data-e-type=\"container\">\n\t\t\t\t\t<div class=\"e-con-inner\">\n\t\t\t\t<div class=\"elementor-element elementor-element-a8a158b elementor-widget elementor-widget-image\" data-id=\"a8a158b\" data-element_type=\"widget\" data-e-type=\"widget\" data-widget_type=\"image.default\">\n\t\t\t\t\t\t\t\t\t\t\t\t\t\t\t<img fetchpriority=\"high\" decoding=\"async\" width=\"950\" height=\"634\" src=\"https:\/\/martyrsdelarevolution.com\/wp-content\/uploads\/2025\/08\/martyrs_de_laval-1024x683-1.jpg\" class=\"attachment-large size-large wp-image-106\" alt=\"\" srcset=\"https:\/\/martyrsdelarevolution.com\/wp-content\/uploads\/2025\/08\/martyrs_de_laval-1024x683-1.jpg 1024w, https:\/\/martyrsdelarevolution.com\/wp-content\/uploads\/2025\/08\/martyrs_de_laval-1024x683-1-300x200.jpg 300w, https:\/\/martyrsdelarevolution.com\/wp-content\/uploads\/2025\/08\/martyrs_de_laval-1024x683-1-768x512.jpg 768w\" sizes=\"100vw\" \/>\t\t\t\t\t\t\t\t\t\t\t\t\t\t\t<\/div>\n\t\t\t\t<div class=\"elementor-element elementor-element-aa89a2e elementor-widget elementor-widget-text-editor\" data-id=\"aa89a2e\" data-element_type=\"widget\" data-e-type=\"widget\" data-widget_type=\"text-editor.default\">\n\t\t\t\t\t\t\t\t\t<h3 data-start=\"162\" data-end=\"329\">Vous visitez le site de l&rsquo;association <strong data-start=\"183\" data-end=\"211\">Martyrs de la R\u00e9volution<\/strong>, un espace d\u00e9di\u00e9 \u00e0 la m\u00e9moire et \u00e0 l\u2019hommage rendu \u00e0 celles et ceux qui ont sacrifi\u00e9 leur vie pour la foi catholique.<\/h3><h3 data-start=\"331\" data-end=\"606\">Votre contribution est pr\u00e9cieuse pour enrichir nos archives et perp\u00e9tuer leur h\u00e9ritage.<\/h3><h3 data-start=\"331\" data-end=\"606\"><br data-start=\"418\" data-end=\"421\" \/>Nous sommes \u00e0 la recherche de documents, <strong data-start=\"458\" data-end=\"484\">d\u2019histoires familiales<\/strong>, de r\u00e9cits transmis de g\u00e9n\u00e9ration en g\u00e9n\u00e9ration, permettant d\u2019\u00e9clairer le destin des martyrs et le v\u00e9cu de leurs proches.<\/h3><h3 data-start=\"608\" data-end=\"894\">Si vous poss\u00e9dez des documents, t\u00e9moignages, lettres, r\u00e9cits familiaux ou tout autre support en lien avec les martyrs de la R\u00e9volution, nous vous invitons \u00e0 nous les transmettre.<\/h3><h3 data-start=\"608\" data-end=\"894\"><br data-start=\"801\" data-end=\"804\" \/><u>Chaque pi\u00e8ce, chaque souvenir compte pour reconstituer l\u2019histoire et honorer leur m\u00e9moire.<\/u><\/h3><h3 data-start=\"896\" data-end=\"1024\"><strong data-start=\"896\" data-end=\"920\">Comment participer ?<\/strong><\/h3><h3 data-start=\"896\" data-end=\"1024\"><br data-start=\"920\" data-end=\"923\" \/>Envoyez-nous vos documents ou r\u00e9cits \u00e0 l\u2019adresse suivante :<\/h3><h3 data-start=\"896\" data-end=\"1024\"><a class=\"decorated-link cursor-pointer\" rel=\"noopener\" data-start=\"988\" data-end=\"1024\">martyrsdelarevolution@protonmail.com<\/a><\/h3><h3 data-start=\"1026\" data-end=\"1159\"><br data-start=\"1113\" data-end=\"1116\" \/>Ensemble, pr\u00e9servons la m\u00e9moire collective.<\/h3><h3 data-start=\"1161\" data-end=\"1261\">Vous pouvez \u00e9galement nous proposer une aide humaine, adh\u00e9rer \u00e0 notre <a href=\"https:\/\/martyrsdelarevolution.com\/index.php\/adherer\/\">association<\/a> ou faire un <a href=\"https:\/\/martyrsdelarevolution.com\/index.php\/adherer\/\">don<\/a>.<\/h3><h3 data-start=\"1263\" data-end=\"1291\">Merci pour votre engagement.<\/h3><h3 data-start=\"1293\" data-end=\"1350\">Cordialement,<br data-start=\"1306\" data-end=\"1309\" \/><strong data-start=\"1309\" data-end=\"1350\">L\u2019\u00e9quipe des Martyrs de la R\u00e9volution<\/strong><\/h3><h3><em>(vous pouvez \u00e9galement nous contacter via le formulaire ci-dessous)<\/em><\/h3>\t\t\t\t\t\t\t\t<\/div>\n\t\t\t\t<div class=\"elementor-element elementor-element-93cdf58 elementor-widget elementor-widget-formidable\" data-id=\"93cdf58\" data-element_type=\"widget\" data-e-type=\"widget\" data-widget_type=\"formidable.default\">\n\t\t\t\t<div class=\"elementor-widget-container\">\n\t\t\t\t\t<div class=\"frm_forms  with_frm_style frm_style_style-formidable\" id=\"frm_form_1_container\" >\n<form enctype=\"multipart\/form-data\" method=\"post\" class=\"frm-show-form \" id=\"form_contact-form\" >\n<div class=\"frm_form_fields \">\n<fieldset>\n<legend class=\"frm_screen_reader\">Contact Us<\/legend>\r\n\r\n<div class=\"frm_fields_container\">\n<input type=\"hidden\" name=\"frm_action\" value=\"create\" \/>\n<input type=\"hidden\" name=\"form_id\" value=\"1\" \/>\n<input type=\"hidden\" name=\"frm_hide_fields_1\" id=\"frm_hide_fields_1\" value=\"\" \/>\n<input type=\"hidden\" name=\"form_key\" value=\"contact-form\" \/>\n<input type=\"hidden\" name=\"item_meta[0]\" value=\"\" \/>\n<input type=\"hidden\" id=\"frm_submit_entry_1\" name=\"frm_submit_entry_1\" value=\"3f78e0dae8\" \/><input type=\"hidden\" name=\"_wp_http_referer\" value=\"\/index.php\/wp-json\/wp\/v2\/pages\/116\" \/><div id=\"frm_field_1_container\" class=\"frm_form_field form-field  frm_required_field frm_top_container frm_first frm_half\">\r\n\t<label for=\"field_qh4icy\" id=\"field_qh4icy_label\" class=\"frm_primary_label\">Nom\r\n\t\t<span class=\"frm_required\" aria-hidden=\"true\">*<\/span>\r\n\t<\/label>\r\n\t<input type=\"text\" id=\"field_qh4icy\" name=\"item_meta[1]\" value=\"\"  data-reqmsg=\"Nom ne peut pas \u00eatre vide.\" aria-required=\"true\" data-invmsg=\"Nom est non valide\" aria-invalid=\"false\"  \/>\r\n\t\r\n\t\r\n<\/div>\n<div id=\"frm_field_2_container\" class=\"frm_form_field form-field  frm_required_field frm_top_container frm_half\">\r\n\t<label for=\"field_ocfup1\" id=\"field_ocfup1_label\" class=\"frm_primary_label\">Pr\u00e9nom\r\n\t\t<span class=\"frm_required\" aria-hidden=\"true\">*<\/span>\r\n\t<\/label>\r\n\t<input type=\"text\" id=\"field_ocfup1\" name=\"item_meta[2]\" value=\"\"  data-reqmsg=\"Pr\u00e9nom ne peut pas \u00eatre vide.\" aria-required=\"true\" data-invmsg=\"Pr\u00e9nom est non valide\" aria-invalid=\"false\"  \/>\r\n\t\r\n\t\r\n<\/div>\n<div id=\"frm_field_3_container\" class=\"frm_form_field form-field  frm_required_field frm_top_container frm_full\">\r\n\t<label for=\"field_29yf4d\" id=\"field_29yf4d_label\" class=\"frm_primary_label\">Email\r\n\t\t<span class=\"frm_required\" aria-hidden=\"true\">*<\/span>\r\n\t<\/label>\r\n\t<input type=\"email\" id=\"field_29yf4d\" name=\"item_meta[3]\" value=\"\"  data-reqmsg=\"Email ne peut pas \u00eatre vide.\" aria-required=\"true\" data-invmsg=\"Please enter a valid email address\" aria-invalid=\"false\"  \/>\r\n\t\r\n\t\r\n<\/div>\n<div id=\"frm_field_4_container\" class=\"frm_form_field form-field  frm_required_field frm_top_container frm_full\">\r\n\t<label for=\"field_e6lis6\" id=\"field_e6lis6_label\" class=\"frm_primary_label\">Objet\r\n\t\t<span class=\"frm_required\" aria-hidden=\"true\">*<\/span>\r\n\t<\/label>\r\n\t<input type=\"text\" id=\"field_e6lis6\" name=\"item_meta[4]\" value=\"\"  data-reqmsg=\"Objet ne peut pas \u00eatre vide.\" aria-required=\"true\" data-invmsg=\"Objet est non valide\" aria-invalid=\"false\"  \/>\r\n\t\r\n\t\r\n<\/div>\n<div id=\"frm_field_5_container\" class=\"frm_form_field form-field  frm_required_field frm_top_container frm_full\">\r\n\t<label for=\"field_9jv0r1\" id=\"field_9jv0r1_label\" class=\"frm_primary_label\">Message\r\n\t\t<span class=\"frm_required\" aria-hidden=\"true\">*<\/span>\r\n\t<\/label>\r\n\t<textarea name=\"item_meta[5]\" id=\"field_9jv0r1\" rows=\"5\"  data-reqmsg=\"Message ne peut pas \u00eatre vide.\" aria-required=\"true\" data-invmsg=\"Message est non valide\" aria-invalid=\"false\"  ><\/textarea>\r\n\t\r\n\t\r\n<\/div>\n<div id=\"frm_field_6_container\" class=\"frm_form_field form-field \">\r\n\t<div class=\"frm_submit frm_flex\">\r\n<button class=\"frm_button_submit\" type=\"submit\"  >Envoyer<\/button>\r\n\r\n\r\n\r\n<\/div>\r\n<\/div>\n\t<input type=\"hidden\" name=\"item_key\" value=\"\" \/>\n\t\t\t<div id=\"frm_field_7_container\">\n\t\t\t<label for=\"field_kllwc\" >\n\t\t\t\tSi vous \u00eates un humain, ne remplissez pas ce champ.\t\t\t<\/label>\n\t\t\t<input  id=\"field_kllwc\" type=\"text\" class=\"frm_form_field form-field frm_verify\" name=\"item_meta[7]\" value=\"\"  \/>\n\t\t<\/div>\n\t\t<input name=\"frm_state\" type=\"hidden\" value=\"ktv53l4+lERF7jMT0h0VmqTXmymDxeIRaBSwX6qm3c4=\" \/><\/div>\n<\/fieldset>\n<\/div>\n\n<p style=\"display: none !important;\" class=\"akismet-fields-container\" data-prefix=\"ak_\"><label>&#916;<textarea name=\"ak_hp_textarea\" cols=\"45\" rows=\"8\" maxlength=\"100\"><\/textarea><\/label><input type=\"hidden\" id=\"ak_js_1\" name=\"ak_js\" value=\"50\"\/><script>document.getElementById( \"ak_js_1\" ).setAttribute( \"value\", ( new Date() ).getTime() );<\/script><\/p><\/form>\n<\/div>\n\t\t\t\t<\/div>\n\t\t\t\t<\/div>\n\t\t\t\t\t<\/div>\n\t\t\t\t<\/div>\n\t\t<div class=\"elementor-element elementor-element-0eb5877 e-flex e-con-boxed e-con e-parent\" data-id=\"0eb5877\" data-element_type=\"container\" data-e-type=\"container\">\n\t\t\t\t\t<div class=\"e-con-inner\">\n\t\t\t\t\t<\/div>\n\t\t\t\t<\/div>\n\t\t\t\t<\/div>\n\t\t","protected":false},"excerpt":{"rendered":"<p>Vous visitez le site de l&rsquo;association Martyrs de la R\u00e9volution, un espace d\u00e9di\u00e9 \u00e0 la m\u00e9moire et \u00e0 l\u2019hommage rendu \u00e0 celles et ceux qui ont sacrifi\u00e9 leur vie pour la foi catholique. Votre contribution est pr\u00e9cieuse pour enrichir nos archives et perp\u00e9tuer leur h\u00e9ritage. Nous sommes \u00e0 la recherche de documents, d\u2019histoires familiales, de &hellip; <\/p>\n<p class=\"link-more\"><a href=\"https:\/\/martyrsdelarevolution.com\/index.php\/nous-aider\/\" class=\"more-link\">Lire la suite de<span class=\"screen-reader-text\">\u00ab\u00a0Nous aider\u00a0\u00bb<\/span><\/a><\/p>\n","protected":false},"author":1,"featured_media":0,"parent":0,"menu_order":0,"comment_status":"closed","ping_status":"closed","template":"","meta":{"iawp_total_views":153,"inspiro_hide_title":false,"footnotes":""},"class_list":["post-116","page","type-page","status-publish","hentry"],"yoast_head":"<!-- This site is optimized with the Yoast SEO plugin v27.3 - https:\/\/yoast.com\/product\/yoast-seo-wordpress\/ -->\n<title>Nous aider - Martyrs de la R\u00e9volution<\/title>\n<meta name=\"description\" content=\"Cette page vous explique comment nous aider.\" \/>\n<meta name=\"robots\" content=\"index, follow, max-snippet:-1, max-image-preview:large, max-video-preview:-1\" \/>\n<link rel=\"canonical\" href=\"https:\/\/martyrsdelarevolution.com\/index.php\/nous-aider\/\" \/>\n<meta property=\"og:locale\" content=\"fr_FR\" \/>\n<meta property=\"og:type\" content=\"article\" \/>\n<meta property=\"og:title\" content=\"Nous aider - Martyrs de la R\u00e9volution\" \/>\n<meta property=\"og:description\" content=\"Cette page vous explique comment nous aider.\" \/>\n<meta property=\"og:url\" content=\"https:\/\/martyrsdelarevolution.com\/index.php\/nous-aider\/\" \/>\n<meta property=\"og:site_name\" content=\"Martyrs de la R\u00e9volution\" \/>\n<meta property=\"article:modified_time\" content=\"2026-02-09T13:09:08+00:00\" \/>\n<meta property=\"og:image\" content=\"https:\/\/martyrsdelarevolution.com\/wp-content\/uploads\/2025\/08\/martyrs_de_laval-1024x683-1.jpg\" \/>\n\t<meta property=\"og:image:width\" content=\"1024\" \/>\n\t<meta property=\"og:image:height\" content=\"683\" \/>\n\t<meta property=\"og:image:type\" content=\"image\/jpeg\" \/>\n<meta name=\"twitter:card\" content=\"summary_large_image\" \/>\n<meta name=\"twitter:label1\" content=\"Dur\u00e9e de lecture estim\u00e9e\" \/>\n\t<meta name=\"twitter:data1\" content=\"1 minute\" \/>\n<script type=\"application\/ld+json\" class=\"yoast-schema-graph\">{\"@context\":\"https:\\\/\\\/schema.org\",\"@graph\":[{\"@type\":\"WebPage\",\"@id\":\"https:\\\/\\\/martyrsdelarevolution.com\\\/index.php\\\/nous-aider\\\/\",\"url\":\"https:\\\/\\\/martyrsdelarevolution.com\\\/index.php\\\/nous-aider\\\/\",\"name\":\"Nous aider - Martyrs de la R\u00e9volution\",\"isPartOf\":{\"@id\":\"https:\\\/\\\/martyrsdelarevolution.com\\\/#website\"},\"primaryImageOfPage\":{\"@id\":\"https:\\\/\\\/martyrsdelarevolution.com\\\/index.php\\\/nous-aider\\\/#primaryimage\"},\"image\":{\"@id\":\"https:\\\/\\\/martyrsdelarevolution.com\\\/index.php\\\/nous-aider\\\/#primaryimage\"},\"thumbnailUrl\":\"https:\\\/\\\/martyrsdelarevolution.com\\\/wp-content\\\/uploads\\\/2025\\\/08\\\/martyrs_de_laval-1024x683-1.jpg\",\"datePublished\":\"2025-08-23T14:44:37+00:00\",\"dateModified\":\"2026-02-09T13:09:08+00:00\",\"description\":\"Cette page vous explique comment nous aider.\",\"breadcrumb\":{\"@id\":\"https:\\\/\\\/martyrsdelarevolution.com\\\/index.php\\\/nous-aider\\\/#breadcrumb\"},\"inLanguage\":\"fr-FR\",\"potentialAction\":[{\"@type\":\"ReadAction\",\"target\":[\"https:\\\/\\\/martyrsdelarevolution.com\\\/index.php\\\/nous-aider\\\/\"]}]},{\"@type\":\"ImageObject\",\"inLanguage\":\"fr-FR\",\"@id\":\"https:\\\/\\\/martyrsdelarevolution.com\\\/index.php\\\/nous-aider\\\/#primaryimage\",\"url\":\"https:\\\/\\\/martyrsdelarevolution.com\\\/wp-content\\\/uploads\\\/2025\\\/08\\\/martyrs_de_laval-1024x683-1.jpg\",\"contentUrl\":\"https:\\\/\\\/martyrsdelarevolution.com\\\/wp-content\\\/uploads\\\/2025\\\/08\\\/martyrs_de_laval-1024x683-1.jpg\",\"width\":1024,\"height\":683,\"caption\":\"OLYMPUS DIGITAL CAMERA\"},{\"@type\":\"BreadcrumbList\",\"@id\":\"https:\\\/\\\/martyrsdelarevolution.com\\\/index.php\\\/nous-aider\\\/#breadcrumb\",\"itemListElement\":[{\"@type\":\"ListItem\",\"position\":1,\"name\":\"Accueil\",\"item\":\"https:\\\/\\\/martyrsdelarevolution.com\\\/\"},{\"@type\":\"ListItem\",\"position\":2,\"name\":\"Nous aider\"}]},{\"@type\":\"WebSite\",\"@id\":\"https:\\\/\\\/martyrsdelarevolution.com\\\/#website\",\"url\":\"https:\\\/\\\/martyrsdelarevolution.com\\\/\",\"name\":\"Martyrs de la R\u00e9volution\",\"description\":\"\",\"potentialAction\":[{\"@type\":\"SearchAction\",\"target\":{\"@type\":\"EntryPoint\",\"urlTemplate\":\"https:\\\/\\\/martyrsdelarevolution.com\\\/?s={search_term_string}\"},\"query-input\":{\"@type\":\"PropertyValueSpecification\",\"valueRequired\":true,\"valueName\":\"search_term_string\"}}],\"inLanguage\":\"fr-FR\"}]}<\/script>\n<!-- \/ Yoast SEO plugin. -->","yoast_head_json":{"title":"Nous aider - Martyrs de la R\u00e9volution","description":"Cette page vous explique comment nous aider.","robots":{"index":"index","follow":"follow","max-snippet":"max-snippet:-1","max-image-preview":"max-image-preview:large","max-video-preview":"max-video-preview:-1"},"canonical":"https:\/\/martyrsdelarevolution.com\/index.php\/nous-aider\/","og_locale":"fr_FR","og_type":"article","og_title":"Nous aider - Martyrs de la R\u00e9volution","og_description":"Cette page vous explique comment nous aider.","og_url":"https:\/\/martyrsdelarevolution.com\/index.php\/nous-aider\/","og_site_name":"Martyrs de la R\u00e9volution","article_modified_time":"2026-02-09T13:09:08+00:00","og_image":[{"width":1024,"height":683,"url":"https:\/\/martyrsdelarevolution.com\/wp-content\/uploads\/2025\/08\/martyrs_de_laval-1024x683-1.jpg","type":"image\/jpeg"}],"twitter_card":"summary_large_image","twitter_misc":{"Dur\u00e9e de lecture estim\u00e9e":"1 minute"},"schema":{"@context":"https:\/\/schema.org","@graph":[{"@type":"WebPage","@id":"https:\/\/martyrsdelarevolution.com\/index.php\/nous-aider\/","url":"https:\/\/martyrsdelarevolution.com\/index.php\/nous-aider\/","name":"Nous aider - Martyrs de la R\u00e9volution","isPartOf":{"@id":"https:\/\/martyrsdelarevolution.com\/#website"},"primaryImageOfPage":{"@id":"https:\/\/martyrsdelarevolution.com\/index.php\/nous-aider\/#primaryimage"},"image":{"@id":"https:\/\/martyrsdelarevolution.com\/index.php\/nous-aider\/#primaryimage"},"thumbnailUrl":"https:\/\/martyrsdelarevolution.com\/wp-content\/uploads\/2025\/08\/martyrs_de_laval-1024x683-1.jpg","datePublished":"2025-08-23T14:44:37+00:00","dateModified":"2026-02-09T13:09:08+00:00","description":"Cette page vous explique comment nous aider.","breadcrumb":{"@id":"https:\/\/martyrsdelarevolution.com\/index.php\/nous-aider\/#breadcrumb"},"inLanguage":"fr-FR","potentialAction":[{"@type":"ReadAction","target":["https:\/\/martyrsdelarevolution.com\/index.php\/nous-aider\/"]}]},{"@type":"ImageObject","inLanguage":"fr-FR","@id":"https:\/\/martyrsdelarevolution.com\/index.php\/nous-aider\/#primaryimage","url":"https:\/\/martyrsdelarevolution.com\/wp-content\/uploads\/2025\/08\/martyrs_de_laval-1024x683-1.jpg","contentUrl":"https:\/\/martyrsdelarevolution.com\/wp-content\/uploads\/2025\/08\/martyrs_de_laval-1024x683-1.jpg","width":1024,"height":683,"caption":"OLYMPUS DIGITAL CAMERA"},{"@type":"BreadcrumbList","@id":"https:\/\/martyrsdelarevolution.com\/index.php\/nous-aider\/#breadcrumb","itemListElement":[{"@type":"ListItem","position":1,"name":"Accueil","item":"https:\/\/martyrsdelarevolution.com\/"},{"@type":"ListItem","position":2,"name":"Nous aider"}]},{"@type":"WebSite","@id":"https:\/\/martyrsdelarevolution.com\/#website","url":"https:\/\/martyrsdelarevolution.com\/","name":"Martyrs de la R\u00e9volution","description":"","potentialAction":[{"@type":"SearchAction","target":{"@type":"EntryPoint","urlTemplate":"https:\/\/martyrsdelarevolution.com\/?s={search_term_string}"},"query-input":{"@type":"PropertyValueSpecification","valueRequired":true,"valueName":"search_term_string"}}],"inLanguage":"fr-FR"}]}},"_links":{"self":[{"href":"https:\/\/martyrsdelarevolution.com\/index.php\/wp-json\/wp\/v2\/pages\/116","targetHints":{"allow":["GET"]}}],"collection":[{"href":"https:\/\/martyrsdelarevolution.com\/index.php\/wp-json\/wp\/v2\/pages"}],"about":[{"href":"https:\/\/martyrsdelarevolution.com\/index.php\/wp-json\/wp\/v2\/types\/page"}],"author":[{"embeddable":true,"href":"https:\/\/martyrsdelarevolution.com\/index.php\/wp-json\/wp\/v2\/users\/1"}],"replies":[{"embeddable":true,"href":"https:\/\/martyrsdelarevolution.com\/index.php\/wp-json\/wp\/v2\/comments?post=116"}],"version-history":[{"count":28,"href":"https:\/\/martyrsdelarevolution.com\/index.php\/wp-json\/wp\/v2\/pages\/116\/revisions"}],"predecessor-version":[{"id":603,"href":"https:\/\/martyrsdelarevolution.com\/index.php\/wp-json\/wp\/v2\/pages\/116\/revisions\/603"}],"wp:attachment":[{"href":"https:\/\/martyrsdelarevolution.com\/index.php\/wp-json\/wp\/v2\/media?parent=116"}],"curies":[{"name":"wp","href":"https:\/\/api.w.org\/{rel}","templated":true}]}}